{"id":3920,"date":"2020-12-11T14:42:08","date_gmt":"2020-12-11T13:42:08","guid":{"rendered":"https:\/\/oman.madal.it\/azienda\/chi-siamo\/"},"modified":"2021-02-19T10:14:11","modified_gmt":"2021-02-19T09:14:11","slug":"qui-sommes","status":"publish","type":"page","link":"https:\/\/oman.madal.it\/fr\/entreprise\/qui-sommes\/","title":{"rendered":"Qui Sommes"},"content":{"rendered":"<p>[et_pb_section fb_built=&#8221;1&#8243; custom_padding_last_edited=&#8221;on|tablet&#8221; next_background_color=&#8221;#ffffff&#8221; admin_label=&#8221;Hero&#8221; _builder_version=&#8221;4.8.2&#8243; use_background_color_gradient=&#8221;on&#8221; background_color_gradient_start=&#8221;rgba(27,31,37,0)&#8221; background_color_gradient_end=&#8221;#1b1f25&#8243; background_color_gradient_start_position=&#8221;18%&#8221; background_color_gradient_overlays_image=&#8221;on&#8221; background_image=&#8221;https:\/\/oman.madal.it\/wp-content\/uploads\/2021\/02\/Slides-STRETTEchi-siamo-scaled.jpg&#8221; background_position=&#8221;top_center&#8221; module_alignment=&#8221;center&#8221; min_height=&#8221;515px&#8221; max_height=&#8221;551px&#8221; custom_margin=&#8221;0px|||&#8221; custom_padding=&#8221;0px|0%|0px|0%|true|true&#8221; custom_padding_tablet=&#8221;|30px||30px||true&#8221; custom_padding_phone=&#8221;|||||true&#8221; bottom_divider_style=&#8221;arrow&#8221; locked=&#8221;off&#8221;][et_pb_row column_structure=&#8221;2_3,1_3&#8243; padding_top_bottom_link_1=&#8221;true&#8221; padding_left_right_link_1=&#8221;true&#8221; _builder_version=&#8221;4.9.0&#8243; background_size=&#8221;initial&#8221; background_position=&#8221;top_left&#8221; width=&#8221;100%&#8221; max_width=&#8221;100%&#8221; min_height=&#8221;565px&#8221; custom_margin=&#8221;|||&#8221; custom_padding=&#8221;0||0px||false|false&#8221; use_custom_width=&#8221;on&#8221; width_unit=&#8221;off&#8221; custom_width_percent=&#8221;100%&#8221;][et_pb_column type=&#8221;2_3&#8243; _builder_version=&#8221;4.8.1&#8243; use_background_color_gradient=&#8221;on&#8221; background_color_gradient_start=&#8221;rgba(0,0,0,0)&#8221; background_color_gradient_end=&#8221;rgba(255,229,229,0)&#8221; custom_padding=&#8221;12vw|40px|12vw|40px&#8221; custom_padding_tablet=&#8221;|||&#8221; custom_padding_phone=&#8221;|10px||10px||true&#8221; custom_padding_last_edited=&#8221;on|desktop&#8221; padding_phone=&#8221;|10px||10px||true&#8221; padding_tablet=&#8221;|||&#8221; padding_last_edited=&#8221;on|desktop&#8221; custom_padding__hover=&#8221;|||&#8221;][\/et_pb_column][et_pb_column type=&#8221;1_3&#8243; _builder_version=&#8221;4.8.1&#8243; use_background_color_gradient=&#8221;on&#8221; background_color_gradient_start=&#8221;rgba(0,0,0,0)&#8221; background_color_gradient_end=&#8221;rgba(255,255,255,0)&#8221; custom_padding=&#8221;12vw|40px|12vw|40px&#8221; custom_padding_tablet=&#8221;|||&#8221; custom_padding_phone=&#8221;|10px||10px||true&#8221; custom_padding_last_edited=&#8221;on|desktop&#8221; padding_phone=&#8221;|10px||10px||true&#8221; padding_tablet=&#8221;|||&#8221; padding_last_edited=&#8221;on|desktop&#8221; custom_padding__hover=&#8221;|||&#8221;][\/et_pb_column][\/et_pb_row][\/et_pb_section][et_pb_section fb_built=&#8221;1&#8243; admin_label=&#8221;About Us&#8221; _builder_version=&#8221;3.22&#8243; custom_padding=&#8221;79px|0px||0px|false|false&#8221;][et_pb_row _builder_version=&#8221;3.25&#8243; max_width=&#8221;960px&#8221; module_alignment=&#8221;center&#8221; use_custom_width=&#8221;on&#8221; custom_width_px=&#8221;960px&#8221; locked=&#8221;off&#8221;][et_pb_column type=&#8221;4_4&#8243; _builder_version=&#8221;3.25&#8243; custom_padding=&#8221;|||&#8221; custom_padding__hover=&#8221;|||&#8221;][et_pb_text admin_label=&#8221;Title&#8221; _builder_version=&#8221;4.9.0&#8243; text_font=&#8221;Orbitron||||||||&#8221; text_font_size=&#8221;27px&#8221; text_line_height=&#8221;1.8em&#8221; header_font=&#8221;Orbitron||||||||&#8221; header_2_font=&#8221;Teko||||||||&#8221; header_2_font_size=&#8221;96px&#8221; width=&#8221;100%&#8221; max_width=&#8221;999px&#8221; module_alignment=&#8221;center&#8221; min_height=&#8221;140px&#8221; height=&#8221;140px&#8221; max_height=&#8221;140px&#8221; custom_margin=&#8221;-41px|||-454px|false|false&#8221; custom_padding=&#8221;80px||1px|0px||&#8221; hover_enabled=&#8221;0&#8243; header_2_font_size_tablet=&#8221;66px&#8221; header_2_font_size_phone=&#8221;36px&#8221; header_2_font_size_last_edited=&#8221;on|phone&#8221; inline_fonts=&#8221;Orbitron&#8221; sticky_enabled=&#8221;0&#8243;]<\/p>\n<p class=\"p1\">Qui Sommes<\/p>\n<p>&nbsp;<\/p>\n<p>[\/et_pb_text][et_pb_text admin_label=&#8221;Title&#8221; _builder_version=&#8221;4.9.0&#8243; text_font=&#8221;Lato||||||||&#8221; text_font_size=&#8221;20px&#8221; text_line_height=&#8221;1.8em&#8221; header_font=&#8221;||||||||&#8221; header_2_font=&#8221;Teko||||||||&#8221; header_2_font_size=&#8221;96px&#8221; text_orientation=&#8221;center&#8221; max_width=&#8221;973px&#8221; module_alignment=&#8221;center&#8221; custom_margin=&#8221;|||&#8221; hover_enabled=&#8221;0&#8243; header_2_font_size_tablet=&#8221;66px&#8221; header_2_font_size_phone=&#8221;36px&#8221; header_2_font_size_last_edited=&#8221;on|phone&#8221; inline_fonts=&#8221;Orbitron&#8221; sticky_enabled=&#8221;0&#8243;]<\/p>\n<p style=\"text-align: left;\">Madal se pr\u00e9sente comme une soci\u00e9t\u00e9 d\u2019avant-garde dans la recherche de produits chimiques \u00e0 haut contenu technologique et \u00e0 impact environnemental faible.<\/p>\n<p style=\"text-align: left;\">Une r\u00e9alit\u00e9 qui pose ses propres bases sur une comp\u00e9tence et une exp\u00e9rience et, comme tous projets gagnants, concentre le motif de son succ\u00e8s sur trois \u00e9l\u00e9ments distincts et compl\u00e9mentaires : passion, passion et encore passion.<\/p>\n<p style=\"text-align: left;\">De notre exp\u00e9rience, naissent des solutions hautement performantes qui unissent la magie de la chimie \u00e0 la durabilit\u00e9 environnementale.<\/p>\n<p style=\"text-align: left;\">La philosophie de l\u2019entreprise est rest\u00e9e identique \u00e0 celle d\u2019il y a longtemps, quand cette belle aventure commen\u00e7a, et nous pouvons la r\u00e9sumer en qualit\u00e9, attention au client, culture du travail, place centrale de la personne, durabilit\u00e9 environnementale.<\/p>\n<p style=\"text-align: left;\">Notre int\u00e9r\u00eat s\u2019adresse seulement et exclusivement aux revendeurs, avec lesquels nous voulons entreprendre un parcours destin\u00e9 \u00e0 la cr\u00e9ation d\u2019un vrai partenariat et non pas d\u2019un simple rapport client- fournisseur.<\/p>\n<p>[\/et_pb_text][\/et_pb_column][\/et_pb_row][\/et_pb_section][et_pb_section fb_built=&#8221;1&#8243; custom_padding_last_edited=&#8221;on|phone&#8221; prev_background_color=&#8221;#ffffff&#8221; admin_label=&#8221;Our History&#8221; _builder_version=&#8221;4.8.2&#8243; use_background_color_gradient=&#8221;on&#8221; background_color_gradient_start=&#8221;rgba(27,31,37,0.3)&#8221; background_color_gradient_end=&#8221;#1b1f25&#8243; background_color_gradient_overlays_image=&#8221;on&#8221; background_image=&#8221;https:\/\/oman.madal.it\/wp-content\/uploads\/2021\/02\/SLIDE-Taniche-rosa.jpg&#8221; parallax=&#8221;on&#8221; custom_margin=&#8221;25px|||||&#8221; custom_padding=&#8221;180px||349px||false|false&#8221; custom_padding_tablet=&#8221;|||&#8221; custom_padding_phone=&#8221;100px|||&#8221; top_divider_style=&#8221;arrow&#8221; top_divider_height_tablet=&#8221;&#8221; top_divider_height_phone=&#8221;50px&#8221; top_divider_height_last_edited=&#8221;on|phone&#8221; bottom_divider_style=&#8221;arrow&#8221; bottom_divider_color=&#8221;#C50D44&#8243; box_shadow_style=&#8221;preset7&#8243; box_shadow_horizontal=&#8221;0px&#8221; box_shadow_vertical=&#8221;-150px&#8221; box_shadow_color=&#8221;#ffffff&#8221; locked=&#8221;off&#8221;][\/et_pb_section]<\/p>\n","protected":false},"excerpt":{"rendered":"<p>Qui Sommes &nbsp;Madal se pr\u00e9sente comme une soci\u00e9t\u00e9 d\u2019avant-garde dans la recherche de produits chimiques \u00e0 haut contenu technologique et \u00e0 impact environnemental faible. Une r\u00e9alit\u00e9 qui pose ses propres bases sur une comp\u00e9tence et une exp\u00e9rience et, comme tous projets gagnants, concentre le motif de son succ\u00e8s sur trois \u00e9l\u00e9ments distincts et compl\u00e9mentaires : [&hellip;]<\/p>\n","protected":false},"author":1,"featured_media":0,"parent":3910,"menu_order":0,"comment_status":"closed","ping_status":"closed","template":"","meta":{"_et_pb_use_builder":"on","_et_pb_old_content":"","_et_gb_content_width":""},"_links":{"self":[{"href":"https:\/\/oman.madal.it\/fr\/wp-json\/wp\/v2\/pages\/3920"}],"collection":[{"href":"https:\/\/oman.madal.it\/fr\/wp-json\/wp\/v2\/pages"}],"about":[{"href":"https:\/\/oman.madal.it\/fr\/wp-json\/wp\/v2\/types\/page"}],"author":[{"embeddable":true,"href":"https:\/\/oman.madal.it\/fr\/wp-json\/wp\/v2\/users\/1"}],"replies":[{"embeddable":true,"href":"https:\/\/oman.madal.it\/fr\/wp-json\/wp\/v2\/comments?post=3920"}],"version-history":[{"count":7,"href":"https:\/\/oman.madal.it\/fr\/wp-json\/wp\/v2\/pages\/3920\/revisions"}],"predecessor-version":[{"id":4217,"href":"https:\/\/oman.madal.it\/fr\/wp-json\/wp\/v2\/pages\/3920\/revisions\/4217"}],"up":[{"embeddable":true,"href":"https:\/\/oman.madal.it\/fr\/wp-json\/wp\/v2\/pages\/3910"}],"wp:attachment":[{"href":"https:\/\/oman.madal.it\/fr\/wp-json\/wp\/v2\/media?parent=3920"}],"curies":[{"name":"wp","href":"https:\/\/api.w.org\/{rel}","templated":true}]}}