{"id":3926,"date":"2020-12-11T17:22:21","date_gmt":"2020-12-11T16:22:21","guid":{"rendered":"https:\/\/oman.madal.it\/azienda\/politica-aziendale\/"},"modified":"2021-02-19T10:34:14","modified_gmt":"2021-02-19T09:34:14","slug":"politique-du-travail","status":"publish","type":"page","link":"https:\/\/oman.madal.it\/fr\/entreprise\/politique-du-travail\/","title":{"rendered":"Politique du Travail"},"content":{"rendered":"<p>[et_pb_section fb_built=&#8221;1&#8243; custom_padding_last_edited=&#8221;on|tablet&#8221; next_background_color=&#8221;#ffffff&#8221; admin_label=&#8221;Hero&#8221; _builder_version=&#8221;4.8.2&#8243; use_background_color_gradient=&#8221;on&#8221; background_color_gradient_start=&#8221;rgba(3,43,53,0.84)&#8221; background_color_gradient_end=&#8221;rgba(0,0,0,0)&#8221; background_color_gradient_overlays_image=&#8221;on&#8221; background_image=&#8221;https:\/\/oman.madal.it\/wp-content\/uploads\/2021\/02\/SLIDE-QualityOK.jpg&#8221; module_alignment=&#8221;center&#8221; min_height=&#8221;515px&#8221; max_height=&#8221;551px&#8221; custom_margin=&#8221;0px|||&#8221; custom_padding=&#8221;0px|0%|0px|0%|true|true&#8221; custom_padding_tablet=&#8221;|30px||30px||true&#8221; custom_padding_phone=&#8221;|||||true&#8221; bottom_divider_style=&#8221;arrow&#8221; locked=&#8221;off&#8221;][et_pb_row column_structure=&#8221;2_3,1_3&#8243; padding_top_bottom_link_1=&#8221;true&#8221; padding_left_right_link_1=&#8221;true&#8221; _builder_version=&#8221;4.8.0&#8243; background_size=&#8221;initial&#8221; background_position=&#8221;top_left&#8221; width=&#8221;100%&#8221; max_width=&#8221;100%&#8221; min_height=&#8221;565px&#8221; custom_margin=&#8221;|||&#8221; custom_padding=&#8221;0||0px||false|false&#8221; use_custom_width=&#8221;on&#8221; width_unit=&#8221;off&#8221; custom_width_percent=&#8221;100%&#8221;][et_pb_column type=&#8221;2_3&#8243; _builder_version=&#8221;4.8.0&#8243; background_color=&#8221;RGBA(0,0,0,0)&#8221; use_background_color_gradient=&#8221;on&#8221; background_color_gradient_start=&#8221;rgba(0,0,0,0)&#8221; background_color_gradient_end=&#8221;rgba(255,255,255,0)&#8221; custom_padding=&#8221;12vw|40px|12vw|40px&#8221; custom_padding_tablet=&#8221;|||&#8221; custom_padding_phone=&#8221;|10px||10px||true&#8221; custom_padding_last_edited=&#8221;on|desktop&#8221; padding_phone=&#8221;|10px||10px||true&#8221; padding_tablet=&#8221;|||&#8221; padding_last_edited=&#8221;on|desktop&#8221; custom_padding__hover=&#8221;|||&#8221;][\/et_pb_column][et_pb_column type=&#8221;1_3&#8243; _builder_version=&#8221;4.8.0&#8243; use_background_color_gradient=&#8221;on&#8221; background_color_gradient_start=&#8221;rgba(0,0,0,0)&#8221; background_color_gradient_end=&#8221;rgba(255,255,255,0)&#8221; custom_padding=&#8221;12vw|40px|12vw|40px&#8221; custom_padding_tablet=&#8221;|||&#8221; custom_padding_phone=&#8221;|10px||10px||true&#8221; custom_padding_last_edited=&#8221;on|desktop&#8221; padding_phone=&#8221;|10px||10px||true&#8221; padding_tablet=&#8221;|||&#8221; padding_last_edited=&#8221;on|desktop&#8221; custom_padding__hover=&#8221;|||&#8221;][\/et_pb_column][\/et_pb_row][\/et_pb_section][et_pb_section fb_built=&#8221;1&#8243; admin_label=&#8221;About Us&#8221; _builder_version=&#8221;4.8.1&#8243; background_color=&#8221;#ffffff&#8221; use_background_color_gradient=&#8221;on&#8221; background_color_gradient_start=&#8221;#ffffff&#8221; background_color_gradient_end=&#8221;rgba(255,255,255,0.66)&#8221; background_color_gradient_type=&#8221;radial&#8221; background_color_gradient_direction_radial=&#8221;top&#8221; background_color_gradient_start_position=&#8221;15%&#8221; background_color_gradient_overlays_image=&#8221;on&#8221; background_image=&#8221;https:\/\/oman.madal.it\/wp-content\/uploads\/2020\/11\/fondo-provetta-cat-generale-scaled.jpg&#8221; custom_padding=&#8221;9px|0px||0px|false|false&#8221; bottom_divider_style=&#8221;arrow&#8221; bottom_divider_color=&#8221;#0DA0C5&#8243;][et_pb_row _builder_version=&#8221;3.25&#8243; max_width=&#8221;960px&#8221; module_alignment=&#8221;center&#8221; min_height=&#8221;1593px&#8221; custom_margin=&#8221;79px|auto||auto||&#8221; custom_padding=&#8221;|||1px||&#8221; use_custom_width=&#8221;on&#8221; custom_width_px=&#8221;960px&#8221; locked=&#8221;off&#8221;][et_pb_column type=&#8221;4_4&#8243; _builder_version=&#8221;3.25&#8243; custom_padding=&#8221;|||&#8221; custom_padding__hover=&#8221;|||&#8221;][et_pb_text admin_label=&#8221;Title&#8221; _builder_version=&#8221;4.8.2&#8243; text_font=&#8221;Orbitron||||||||&#8221; text_font_size=&#8221;27px&#8221; text_line_height=&#8221;1.8em&#8221; header_font=&#8221;Orbitron||||||||&#8221; header_2_font=&#8221;Teko||||||||&#8221; header_2_font_size=&#8221;96px&#8221; width=&#8221;100%&#8221; max_width=&#8221;999px&#8221; module_alignment=&#8221;center&#8221; min_height=&#8221;140px&#8221; height=&#8221;140px&#8221; max_height=&#8221;140px&#8221; custom_margin=&#8221;-41px||26px|-454px|false|false&#8221; custom_padding=&#8221;80px||1px|0px||&#8221; header_2_font_size_tablet=&#8221;66px&#8221; header_2_font_size_phone=&#8221;36px&#8221; header_2_font_size_last_edited=&#8221;on|phone&#8221; inline_fonts=&#8221;Orbitron&#8221;]<\/p>\n<p class=\"p1\">Politique du Travail<\/p>\n<p>&nbsp;<\/p>\n<p>[\/et_pb_text][et_pb_text admin_label=&#8221;Title&#8221; _builder_version=&#8221;4.9.0&#8243; text_font=&#8221;Lato||||||||&#8221; text_font_size=&#8221;20px&#8221; text_line_height=&#8221;1.8em&#8221; ul_line_height=&#8221;1.8em&#8221; header_font=&#8221;||||||||&#8221; header_2_font=&#8221;Teko||||||||&#8221; header_2_font_size=&#8221;96px&#8221; text_orientation=&#8221;center&#8221; max_width=&#8221;973px&#8221; module_alignment=&#8221;center&#8221; custom_margin=&#8221;|||-168px|false|false&#8221; custom_padding=&#8221;||70px|4px||&#8221; hover_enabled=&#8221;0&#8243; header_2_font_size_tablet=&#8221;66px&#8221; header_2_font_size_phone=&#8221;36px&#8221; header_2_font_size_last_edited=&#8221;on|phone&#8221; inline_fonts=&#8221;Orbitron&#8221; sticky_enabled=&#8221;0&#8243;]<\/p>\n<ul>\n<li style=\"text-align: left;\">Poursuivre ses objectifs visant \u00e0 satisfaire les attentes des clients et de toutes les parties int\u00e9ress\u00e9es, en fournissant des produits et des services dignes de confiance, avec une attention toute particuli\u00e8re \u00e0 la s\u00e9curit\u00e9 de ses employ\u00e9s et de tierces personnes ;<\/li>\n<li style=\"text-align: left;\">Offrir au client un service qui donne priorit\u00e9 au rapport qualit\u00e9-prix dans le respect des nombreuses exigences l\u00e9gales en maintenant une norme toujours sup\u00e9rieure aux param\u00e8tres requis ;<\/li>\n<li style=\"text-align: left;\">Motiver et valoriser le potentiel de ses propres ressources humaines ;<\/li>\n<li style=\"text-align: left;\">Investir continuellement dans la formation de toutes les ressources internes, afin de garantir une mise \u00e0 jour continue de celles-ci \u00e0 ses comp\u00e9tences, en fournissant des<span> <\/span>services qui satisferont le client, <span>\u00a0<\/span>comporteront un impact n\u00e9gatif minime sur l\u2019environnement et une exploitation en toute s\u00e9curit\u00e9;<\/li>\n<li style=\"text-align: left;\">Faire en sorte que la politique pour la Qualit\u00e9 et pour l\u2019Environnement soit comprise, r\u00e9alis\u00e9e et maintenue \u00e0 tous les niveaux de l\u2019organisation et que le syst\u00e8me soit \u00e9tay\u00e9 par des activit\u00e9s p\u00e9riodiques et<span> <\/span>syst\u00e9matiques de formation et de stage professionnel.<\/li>\n<li style=\"text-align: left;\">Toujours respecter les exigences r\u00e9glementaires applicables, <span><\/span>garantir l\u2019engagement constant \u00e0 la durabilit\u00e9 environnementale des produits et des services offerts ainsi qu\u2019\u00e0 la protection des employ\u00e9s;<\/li>\n<li style=\"text-align: left;\">Agir dans le respect des dispositions en mati\u00e8re de s\u00e9curit\u00e9 et de conformit\u00e9 sur le lieu de travail, pour pr\u00e9venir les risques d\u2019accident ;<\/li>\n<li style=\"text-align: left;\">R\u00e9examiner et r\u00e9ajuster p\u00e9riodiquement le document de politique environnementale et de qualit\u00e9 en mettant \u00e0 disposition les \u00e9ventuelles modifications \u00e0 toutes les parties int\u00e9ress\u00e9es ;<span> <\/span><\/li>\n<li style=\"text-align: left;\">Sensibiliser son propre personnel sur les th\u00e8mes de la Qualit\u00e9 et de l\u2019Environnement, en veillant au respect des proc\u00e9dures et des exigences correspondantes;<span> <\/span><\/li>\n<li style=\"text-align: left;\">Rechercher syst\u00e9matiquement l\u2019am\u00e9lioration de fa\u00e7on coh\u00e9rente, efficace et durable;<\/li>\n<li style=\"text-align: left;\">Offrir un syst\u00e8me de gestion appropri\u00e9 \u00e0 la ma\u00eetrise des impacts environnementaux de ses activit\u00e9s (\u00e9missions, d\u00e9charges des eaux, substances dangereuses, risques d\u2019accidents, d\u00e9chets de production, consommation d\u2019\u00e9nergie, etc\u2026) ;<\/li>\n<li style=\"text-align: left;\">Poursuivre l\u2019innovation technologique, de fa\u00e7on compatible avec les ressources de l\u2019entreprise, pour obtenir les meilleures prestations de ses processus et du produit,<span> <\/span>et en \u00e9valuant les possibles effets sur l\u2019environnement proche, en donnant de l\u2019importance aux m\u00e9thodes de gestion qui<span>\u00a0 <\/span>permettent une r\u00e9duction d\u2019\u00e9ventuels impacts significatifs ;<\/li>\n<li style=\"text-align: left;\">Garantir une volont\u00e9 constante et continuelle de produire des produits innovateurs et hautement \u00e9cologiques ;<\/li>\n<li style=\"text-align: left;\">Optimiser ses propres processus de fabrication ;<\/li>\n<li style=\"text-align: left;\">Adopter des syst\u00e8mes de monitorage internes \u00e0 l\u2019entreprise, en permettant une surveillance continue de l\u2019activit\u00e9 de l\u2019entreprise, pour permettre de d\u00e9terminer, de fa\u00e7on pr\u00e9ventive, de possibles \u00e9loignements de ses objectifs ;<\/li>\n<li style=\"text-align: left;\">Garantir qu\u2019aucun des aspects environnementaux pris en compte puisse constituer une source de danger pour l\u2019air environnant ni une possible violation des normes applicables \u00e0 son propre secteur et en adoptant des m\u00e9thodes aptes \u00e0 pr\u00e9venir de potentiels impacts n\u00e9gatifs sur l\u2019environnement ;<\/li>\n<li style=\"text-align: left;\">Poursuivre des objectifs d\u2019am\u00e9lioration, mesurables au moyen d\u2019indicateurs appropri\u00e9s et coh\u00e9rents comme d\u00e9fini par sa propre politique, afin de garantir la qualit\u00e9 du produit, la satisfaction du client et la r\u00e9duction d\u2019\u00e9ventuels impacts significatifs sur l\u2019environnement ;<\/li>\n<li style=\"text-align: left;\">Offrir une pleine disponibilit\u00e9 et une absolue rigueur dans la r\u00e9solution n\u00e9cessaire d\u2019\u00e9ventuelles probl\u00e9matiques ;<\/li>\n<\/ul>\n<p style=\"text-align: left;\">Investir continuellement dans des installations, des moyens et du mat\u00e9riel afin d\u2019am\u00e9liorer la qualit\u00e9 des produits et d\u2019optimiser la production de fa\u00e7on \u00e0 en limiter les co\u00fbts et le risque d\u2019\u00e9v\u00e8nements environnementaux.<\/p>\n<p>[\/et_pb_text][\/et_pb_column][\/et_pb_row][\/et_pb_section]<\/p>\n","protected":false},"excerpt":{"rendered":"<p>Politique du Travail &nbsp; Poursuivre ses objectifs visant \u00e0 satisfaire les attentes des clients et de toutes les parties int\u00e9ress\u00e9es, en fournissant des produits et des services dignes de confiance, avec une attention toute particuli\u00e8re \u00e0 la s\u00e9curit\u00e9 de ses employ\u00e9s et de tierces personnes ; Offrir au client un service qui donne priorit\u00e9 au [&hellip;]<\/p>\n","protected":false},"author":1,"featured_media":0,"parent":3910,"menu_order":0,"comment_status":"closed","ping_status":"closed","template":"","meta":{"_et_pb_use_builder":"on","_et_pb_old_content":"","_et_gb_content_width":""},"_links":{"self":[{"href":"https:\/\/oman.madal.it\/fr\/wp-json\/wp\/v2\/pages\/3926"}],"collection":[{"href":"https:\/\/oman.madal.it\/fr\/wp-json\/wp\/v2\/pages"}],"about":[{"href":"https:\/\/oman.madal.it\/fr\/wp-json\/wp\/v2\/types\/page"}],"author":[{"embeddable":true,"href":"https:\/\/oman.madal.it\/fr\/wp-json\/wp\/v2\/users\/1"}],"replies":[{"embeddable":true,"href":"https:\/\/oman.madal.it\/fr\/wp-json\/wp\/v2\/comments?post=3926"}],"version-history":[{"count":4,"href":"https:\/\/oman.madal.it\/fr\/wp-json\/wp\/v2\/pages\/3926\/revisions"}],"predecessor-version":[{"id":4227,"href":"https:\/\/oman.madal.it\/fr\/wp-json\/wp\/v2\/pages\/3926\/revisions\/4227"}],"up":[{"embeddable":true,"href":"https:\/\/oman.madal.it\/fr\/wp-json\/wp\/v2\/pages\/3910"}],"wp:attachment":[{"href":"https:\/\/oman.madal.it\/fr\/wp-json\/wp\/v2\/media?parent=3926"}],"curies":[{"name":"wp","href":"https:\/\/api.w.org\/{rel}","templated":true}]}}