{"id":3949,"date":"2020-11-13T18:44:50","date_gmt":"2020-11-13T17:44:50","guid":{"rendered":"https:\/\/oman.madal.it\/sostenibilita\/ecologia-life-in-green\/"},"modified":"2021-03-02T16:31:32","modified_gmt":"2021-03-02T15:31:32","slug":"vie-au-vert","status":"publish","type":"page","link":"https:\/\/oman.madal.it\/fr\/developpement-durable\/vie-au-vert\/","title":{"rendered":"Vie au Vert"},"content":{"rendered":"<p>[et_pb_section fb_built=&#8221;1&#8243; admin_label=&#8221;Hero&#8221; _builder_version=&#8221;4.8.2&#8243; background_enable_image=&#8221;off&#8221; custom_padding=&#8221;80px|0px|54px|0px|false|false&#8221;][et_pb_row _builder_version=&#8221;3.25&#8243; background_size=&#8221;initial&#8221; background_position=&#8221;top_left&#8221; background_repeat=&#8221;repeat&#8221; max_width=&#8221;700px&#8221; use_custom_width=&#8221;on&#8221; custom_width_px=&#8221;700px&#8221;][et_pb_column type=&#8221;4_4&#8243; _builder_version=&#8221;3.25&#8243; custom_padding=&#8221;|||&#8221; custom_padding__hover=&#8221;|||&#8221;][et_pb_text disabled_on=&#8221;off|off|off&#8221; _builder_version=&#8221;4.9.0&#8243; text_font=&#8221;Orbitron||||||||&#8221; text_text_color=&#8221;#c10f1b&#8221; text_font_size=&#8221;59px&#8221; text_line_height=&#8221;1.2em&#8221; ul_font=&#8221;||||||||&#8221; header_font=&#8221;Orbitron|||on|||||&#8221; header_font_size=&#8221;96px&#8221; header_letter_spacing=&#8221;2px&#8221; header_line_height=&#8221;0.9em&#8221; text_orientation=&#8221;center&#8221; custom_margin=&#8221;|||&#8221; hover_enabled=&#8221;0&#8243; header_font_size_tablet=&#8221;66px&#8221; header_font_size_phone=&#8221;36px&#8221; header_font_size_last_edited=&#8221;on|phone&#8221; inline_fonts=&#8221;Orbitron&#8221; sticky_enabled=&#8221;0&#8243;]<\/p>\n<p style=\"text-align: center;\"><span><span style=\"color: #000000;\">LIFE IN<\/span> <\/span><span><span style=\"color: #99cc00;\">GREEN<\/span><\/span><\/p>\n<h3 style=\"text-align: center;\"><span style=\"color: #5eb71f;\"><span style=\"color: #99cc00;\">Q<span jsaction=\"click:qtZ4nf,GFf3ac,tMZCfe; contextmenu:Nqw7Te,QP7LD; mouseout:Nqw7Te; mouseover:qtZ4nf,c2aHje\" jsname=\"W297wb\">ualit\u00e9 et Durabilit\u00e9<\/span><\/span><span> <\/span><\/span><\/h3>\n<p>[\/et_pb_text][\/et_pb_column][\/et_pb_row][\/et_pb_section][et_pb_section fb_built=&#8221;1&#8243; fullwidth=&#8221;on&#8221; _builder_version=&#8221;3.22&#8243; bottom_divider_style=&#8221;arrow&#8221; bottom_divider_color=&#8221;#ffffff&#8221; bottom_divider_height_tablet=&#8221;&#8221; bottom_divider_height_phone=&#8221;50px&#8221; bottom_divider_height_last_edited=&#8221;on|phone&#8221; animation_style=&#8221;slide&#8221; animation_direction=&#8221;top&#8221; animation_intensity_slide=&#8221;4%&#8221;][et_pb_fullwidth_image src=&#8221;https:\/\/oman.madal.it\/wp-content\/uploads\/2021\/02\/Life-in-Green-fr.jpg&#8221; title_text=&#8221;Life-in-Green-fr&#8221; _builder_version=&#8221;4.9.0&#8243;][\/et_pb_fullwidth_image][\/et_pb_section][et_pb_section fb_built=&#8221;1&#8243; admin_label=&#8221;Features&#8221; _builder_version=&#8221;4.8.2&#8243; custom_padding=&#8221;|||&#8221; bottom_divider_style=&#8221;arrow&#8221; bottom_divider_color=&#8221;#128735&#8243;][et_pb_row column_structure=&#8221;1_5,3_5,1_5&#8243; _builder_version=&#8221;4.8.2&#8243; width=&#8221;89.4%&#8221; custom_margin=&#8221;||||false|false&#8221; custom_padding=&#8221;||100px|||&#8221;][et_pb_column type=&#8221;1_5&#8243; _builder_version=&#8221;3.25&#8243; custom_padding=&#8221;|||&#8221; custom_padding__hover=&#8221;|||&#8221;][et_pb_image src=&#8221;https:\/\/oman.madal.it\/wp-content\/uploads\/2020\/11\/Logo-Life-in-Green-OK.png&#8221; title_text=&#8221;Logo Life in Green OK&#8221; align_tablet=&#8221;&#8221; align_phone=&#8221;center&#8221; align_last_edited=&#8221;on|phone&#8221; _builder_version=&#8221;4.8.2&#8243; _module_preset=&#8221;default&#8221; width_tablet=&#8221;&#8221; width_phone=&#8221;50%&#8221; width_last_edited=&#8221;on|phone&#8221; custom_margin_tablet=&#8221;&#8221; custom_margin_phone=&#8221;50px||||false|false&#8221; custom_margin_last_edited=&#8221;on|phone&#8221;][\/et_pb_image][\/et_pb_column][et_pb_column type=&#8221;3_5&#8243; _builder_version=&#8221;3.25&#8243; custom_padding=&#8221;|||&#8221; custom_padding__hover=&#8221;|||&#8221;][et_pb_text admin_label=&#8221;Title&#8221; _builder_version=&#8221;4.9.0&#8243; header_font=&#8221;||||||||&#8221; header_3_font=&#8221;Teko||||||||&#8221; header_3_font_size=&#8221;40px&#8221; header_3_line_height=&#8221;1.2em&#8221; custom_margin=&#8221;||15px|-33px||&#8221; custom_margin_tablet=&#8221;&#8221; custom_margin_phone=&#8221;||0px|50px|false|false&#8221; custom_margin_last_edited=&#8221;on|phone&#8221; border_color_all=&#8221;rgba(51,51,51,0.12)&#8221; border_width_bottom=&#8221;1px&#8221; inline_fonts=&#8221;Orbitron&#8221;]<\/p>\n<h3><span style=\"font-family: Orbitron;\">Le Project<\/span><\/h3>\n<p>[\/et_pb_text][et_pb_text disabled_on=&#8221;on|off|off&#8221; _builder_version=&#8221;4.9.0&#8243; text_font=&#8221;Lato||||||||&#8221; text_font_size=&#8221;18px&#8221; text_line_height=&#8221;1.8em&#8221; ul_font=&#8221;||||||||&#8221; ul_text_align=&#8221;left&#8221; ul_line_height=&#8221;1.8em&#8221; width=&#8221;136.5%&#8221; custom_margin=&#8221;15px|||-30px|false|false&#8221; custom_padding=&#8221;30px|||0px|false|false&#8221;]<\/p>\n<p>Depuis\u00a0\u00a0notre cr\u00e9ation, nous avons \u00e9t\u00e9 particuli\u00e8rement sensibles aux probl\u00e9matiques environnementales, convaincus que l\u2019environnement, que nous voulons laisser \u00e0 nos enfants, puisse \u00eatre meilleur que celui dans lequel nous sommes aujourd\u2019hui.<\/p>\n<p>Le projet \u201cLife in Green\u201d (Vie au Vert) est n\u00e9 pour concr\u00e9tiser ce concept, une id\u00e9e de d\u00e9veloppement \u00e9cologique qui conjugue chimie et \u00e9cologie dans le respect de la rentabilit\u00e9 de l\u2019entreprise.<\/p>\n<p>L\u2019objectif de ce projet est celui de r\u00e9duire progressivement et de fa\u00e7on \u00e9conomiquement supportable, l\u2019impact que l\u2019entreprise a sur l\u2019environnement, au travers d\u2019une s\u00e9rie de choix cibl\u00e9s.<\/p>\n<ul>\n<li>Utilisation de flacons et bidons en plastique recycl\u00e9 allant jusqu\u2019\u00e0 <span>\u00a0<\/span>100%, avec l\u2019objectif de r\u00e9duire de fa\u00e7on significative la quantit\u00e9 de plastique vierge d\u2019origine fossile utilis\u00e9e dans nos emballages\u00a0;<\/li>\n<li>D\u00e9veloppement de d\u00e9tergents concentr\u00e9s afin de pouvoir laver avec une quantit\u00e9 minime de produit et, par cons\u00e9quence, d\u2019\u00e9conomiser les mat\u00e9riaux utilis\u00e9s pour l\u2019emballage ainsi que l\u2019eau, avec une incidence moindre sur le transport.<\/li>\n<li>Utilisation de mati\u00e8res premi\u00e8res non toxiques pour les personnes, <span>\u00a0<\/span>qui ne peuvent pas provoquer de graves dommages \u00e0 la sant\u00e9 en cas d\u2019exposition prolong\u00e9e\u00a0;<\/li>\n<li>Formulations contenant des tensioactifs avec une biod\u00e9gradabilit\u00e9 aux limites requises par le R\u00e8glement (CE) n.648\/2004 relatif aux d\u00e9tergents\u00a0;<\/li>\n<li>Augmentation de l\u2019utilisation de mati\u00e8res premi\u00e8res d\u2019origine v\u00e9g\u00e9tale, de pr\u00e9f\u00e9rence certifi\u00e9es RSPO (<em>Roundtable on Sustainable Palm Oil, \u00ab\u00a0La table ronde sur l&#8217;huile de palme durable\u00a0\u00bb<\/em>) pour une utilisation durable de l\u2019huile de palme\u00a0;<\/li>\n<li>Mise en place des syst\u00e8mes de qualit\u00e9 et de durabilit\u00e9 environnementale afin d\u2019optimiser les processus productifs, planifi\u00e9s par la certification environnementale ISO 14001\u00a0;<\/li>\n<li>Augmentation des r\u00e9f\u00e9rences de la ligne des produits avec le symbole Ecolabel, marque de qualit\u00e9 \u00e9cologique de l\u2019Union Europ\u00e9enne\u00a0;<\/li>\n<li>La production d\u2019un nombre plus important de r\u00e9f\u00e9rences conformes aux C.A.M. (<em>Criteri Ambientali Minimi \u00ab\u00a0Crit\u00e8res environnementaux minimum\u00bb<\/em>), en \u00e9liminant de ces formulations, les mati\u00e8res premi\u00e8res comme l\u2019EDTA (<em>\u00c9thyl\u00e8nediaminet\u00e9traac\u00e9tique<\/em>), le NTA (<em>acide nitrilotriac\u00e9tique<\/em>), les alkylph\u00e9nols \u00e9thoxyl\u00e9s (APEO), les muscs xyl\u00e8nes, les muscs polycycliques et le<span> formald\u00e9hyde. En r\u00e9duisant en outre le contenu d\u2019allerg\u00e8nes contenus dans les parfums, les quantit\u00e9s de phosphore et de COV (Compos\u00e9 Organique Volatil)\u00a0 <\/span><\/li>\n<li>Syst\u00e8me de r\u00e9cup\u00e9ration des eaux de lavage d\u00e9rivant de la production et du conditionnement, avec le recyclage, le stockage et la r\u00e9utilisation de ces m\u00eames eaux.<\/li>\n<\/ul>\n<p>[\/et_pb_text][et_pb_text disabled_on=&#8221;off|on|on&#8221; _builder_version=&#8221;4.9.0&#8243; text_font=&#8221;Lato||||||||&#8221; text_font_size=&#8221;18px&#8221; text_line_height=&#8221;1.8em&#8221; ul_font=&#8221;||||||||&#8221; ul_text_align=&#8221;left&#8221; ul_line_height=&#8221;1.8em&#8221; width=&#8221;90%&#8221; module_alignment=&#8221;center&#8221; custom_margin=&#8221;15px||||false|false&#8221; custom_padding=&#8221;30px|||0px|false|false&#8221;]<\/p>\n<p>Depuis\u00a0\u00a0notre cr\u00e9ation, nous avons \u00e9t\u00e9 particuli\u00e8rement sensibles aux probl\u00e9matiques environnementales, convaincus que l\u2019environnement, que nous voulons laisser \u00e0 nos enfants, puisse \u00eatre meilleur que celui dans lequel nous sommes aujourd\u2019hui.<\/p>\n<p>Le projet \u201cLife in Green\u201d (Vie au Vert) est n\u00e9 pour concr\u00e9tiser ce concept, une id\u00e9e de d\u00e9veloppement \u00e9cologique qui conjugue chimie et \u00e9cologie dans le respect de la rentabilit\u00e9 de l\u2019entreprise.<\/p>\n<p>L\u2019objectif de ce projet est celui de r\u00e9duire progressivement et de fa\u00e7on \u00e9conomiquement supportable, l\u2019impact que l\u2019entreprise a sur l\u2019environnement, au travers d\u2019une s\u00e9rie de choix cibl\u00e9s.<\/p>\n<ul>\n<li>Utilisation de flacons et bidons en plastique recycl\u00e9 allant jusqu\u2019\u00e0 <span>\u00a0<\/span>100%, avec l\u2019objectif de r\u00e9duire de fa\u00e7on significative la quantit\u00e9 de plastique vierge d\u2019origine fossile utilis\u00e9e dans nos emballages\u00a0;<\/li>\n<li>D\u00e9veloppement de d\u00e9tergents concentr\u00e9s afin de pouvoir laver avec une quantit\u00e9 minime de produit et, par cons\u00e9quence, d\u2019\u00e9conomiser les mat\u00e9riaux utilis\u00e9s pour l\u2019emballage ainsi que l\u2019eau, avec une incidence moindre sur le transport.<\/li>\n<li>Utilisation de mati\u00e8res premi\u00e8res non toxiques pour les personnes, <span>\u00a0<\/span>qui ne peuvent pas provoquer de graves dommages \u00e0 la sant\u00e9 en cas d\u2019exposition prolong\u00e9e\u00a0;<\/li>\n<li>Formulations contenant des tensioactifs avec une biod\u00e9gradabilit\u00e9 aux limites requises par le R\u00e8glement (CE) n.648\/2004 relatif aux d\u00e9tergents\u00a0;<\/li>\n<li>Augmentation de l\u2019utilisation de mati\u00e8res premi\u00e8res d\u2019origine v\u00e9g\u00e9tale, de pr\u00e9f\u00e9rence certifi\u00e9es RSPO (<em>Roundtable on Sustainable Palm Oil, \u00ab\u00a0La table ronde sur l&#8217;huile de palme durable\u00a0\u00bb<\/em>) pour une utilisation durable de l\u2019huile de palme\u00a0;<\/li>\n<li>Mise en place des syst\u00e8mes de qualit\u00e9 et de durabilit\u00e9 environnementale afin d\u2019optimiser les processus productifs, planifi\u00e9s par la certification environnementale ISO 14001\u00a0;<\/li>\n<li>Augmentation des r\u00e9f\u00e9rences de la ligne des produits avec le symbole Ecolabel, marque de qualit\u00e9 \u00e9cologique de l\u2019Union Europ\u00e9enne\u00a0;<\/li>\n<li>La production d\u2019un nombre plus important de r\u00e9f\u00e9rences conformes aux C.A.M. (<em>Criteri Ambientali Minimi \u00ab\u00a0Crit\u00e8res environnementaux minimum\u00bb<\/em>), en \u00e9liminant de ces formulations, les mati\u00e8res premi\u00e8res comme l\u2019EDTA (<em>\u00c9thyl\u00e8nediaminet\u00e9traac\u00e9tique<\/em>), le NTA (<em>acide nitrilotriac\u00e9tique<\/em>), les alkylph\u00e9nols \u00e9thoxyl\u00e9s (APEO), les muscs xyl\u00e8nes, les muscs polycycliques et le<span> formald\u00e9hyde. En r\u00e9duisant en outre le contenu d\u2019allerg\u00e8nes contenus dans les parfums, les quantit\u00e9s de phosphore et de COV (Compos\u00e9 Organique Volatil)\u00a0 <\/span><\/li>\n<li>Syst\u00e8me de r\u00e9cup\u00e9ration des eaux de lavage d\u00e9rivant de la production et du conditionnement, avec le recyclage, le stockage et la r\u00e9utilisation de ces m\u00eames eaux.<\/li>\n<\/ul>\n<p>[\/et_pb_text][\/et_pb_column][et_pb_column type=&#8221;1_5&#8243; _builder_version=&#8221;4.8.2&#8243; _module_preset=&#8221;default&#8221;][\/et_pb_column][\/et_pb_row][\/et_pb_section][et_pb_section fb_built=&#8221;1&#8243; fullwidth=&#8221;on&#8221; _builder_version=&#8221;4.8.2&#8243; _module_preset=&#8221;default&#8221;][\/et_pb_section]<\/p>\n","protected":false},"excerpt":{"rendered":"<p>LIFE IN GREEN Qualit\u00e9 et Durabilit\u00e9 Le ProjectDepuis\u00a0\u00a0notre cr\u00e9ation, nous avons \u00e9t\u00e9 particuli\u00e8rement sensibles aux probl\u00e9matiques environnementales, convaincus que l\u2019environnement, que nous voulons laisser \u00e0 nos enfants, puisse \u00eatre meilleur que celui dans lequel nous sommes aujourd\u2019hui. Le projet \u201cLife in Green\u201d (Vie au Vert) est n\u00e9 pour concr\u00e9tiser ce concept, une id\u00e9e de d\u00e9veloppement [&hellip;]<\/p>\n","protected":false},"author":1,"featured_media":0,"parent":3914,"menu_order":0,"comment_status":"closed","ping_status":"closed","template":"","meta":{"_et_pb_use_builder":"on","_et_pb_old_content":"","_et_gb_content_width":""},"_links":{"self":[{"href":"https:\/\/oman.madal.it\/fr\/wp-json\/wp\/v2\/pages\/3949"}],"collection":[{"href":"https:\/\/oman.madal.it\/fr\/wp-json\/wp\/v2\/pages"}],"about":[{"href":"https:\/\/oman.madal.it\/fr\/wp-json\/wp\/v2\/types\/page"}],"author":[{"embeddable":true,"href":"https:\/\/oman.madal.it\/fr\/wp-json\/wp\/v2\/users\/1"}],"replies":[{"embeddable":true,"href":"https:\/\/oman.madal.it\/fr\/wp-json\/wp\/v2\/comments?post=3949"}],"version-history":[{"count":9,"href":"https:\/\/oman.madal.it\/fr\/wp-json\/wp\/v2\/pages\/3949\/revisions"}],"predecessor-version":[{"id":4557,"href":"https:\/\/oman.madal.it\/fr\/wp-json\/wp\/v2\/pages\/3949\/revisions\/4557"}],"up":[{"embeddable":true,"href":"https:\/\/oman.madal.it\/fr\/wp-json\/wp\/v2\/pages\/3914"}],"wp:attachment":[{"href":"https:\/\/oman.madal.it\/fr\/wp-json\/wp\/v2\/media?parent=3949"}],"curies":[{"name":"wp","href":"https:\/\/api.w.org\/{rel}","templated":true}]}}