{"id":3951,"date":"2021-01-22T17:16:05","date_gmt":"2021-01-22T16:16:05","guid":{"rendered":"https:\/\/oman.madal.it\/amref\/"},"modified":"2021-02-19T12:16:52","modified_gmt":"2021-02-19T11:16:52","slug":"responsabilite-sociale","status":"publish","type":"page","link":"https:\/\/oman.madal.it\/fr\/developpement-durable\/responsabilite-sociale\/","title":{"rendered":"Responsabilit\u00e9 Sociale"},"content":{"rendered":"<p>[et_pb_section fb_built=&#8221;1&#8243; custom_padding_last_edited=&#8221;on|tablet&#8221; next_background_color=&#8221;#ffffff&#8221; disabled_on=&#8221;on|off|off&#8221; admin_label=&#8221;Hero&#8221; _builder_version=&#8221;4.9.0&#8243; background_image=&#8221;https:\/\/oman.madal.it\/wp-content\/uploads\/2021\/01\/SLIDE-Sostenibilita\u0300-People.jpg&#8221; parallax=&#8221;on&#8221; module_alignment=&#8221;center&#8221; min_height=&#8221;572px&#8221; custom_margin=&#8221;0px|||&#8221; custom_padding=&#8221;0px|0%|0px|0%|true|true&#8221; custom_padding_tablet=&#8221;|30px||30px||true&#8221; custom_padding_phone=&#8221;|||||true&#8221; bottom_divider_style=&#8221;arrow&#8221; hover_enabled=&#8221;0&#8243; locked=&#8221;off&#8221; title_text=&#8221;SLIDE-Sostenibilita\u0300-People&#8221; sticky_enabled=&#8221;0&#8243;][et_pb_row column_structure=&#8221;2_3,1_3&#8243; padding_top_bottom_link_1=&#8221;true&#8221; padding_left_right_link_1=&#8221;true&#8221; _builder_version=&#8221;4.8.2&#8243; background_color=&#8221;rgba(0,0,0,0)&#8221; use_background_color_gradient=&#8221;on&#8221; background_color_gradient_start=&#8221;rgba(216,216,216,0)&#8221; background_color_gradient_end=&#8221;rgba(255,255,255,0)&#8221; background_size=&#8221;initial&#8221; background_position=&#8221;top_left&#8221; width=&#8221;100%&#8221; max_width=&#8221;100%&#8221; min_height=&#8221;562px&#8221; height=&#8221;433px&#8221; max_height=&#8221;516px&#8221; custom_margin=&#8221;|||&#8221; custom_padding=&#8221;0||7px|368px|false|false&#8221; use_custom_width=&#8221;on&#8221; width_unit=&#8221;off&#8221; custom_width_percent=&#8221;100%&#8221;][et_pb_column type=&#8221;2_3&#8243; _builder_version=&#8221;4.8.1&#8243; custom_padding=&#8221;12vw|40px|12vw|40px&#8221; custom_padding_tablet=&#8221;|||&#8221; custom_padding_phone=&#8221;|10px||10px||true&#8221; custom_padding_last_edited=&#8221;on|desktop&#8221; padding_phone=&#8221;|10px||10px||true&#8221; padding_tablet=&#8221;|||&#8221; padding_last_edited=&#8221;on|desktop&#8221; custom_padding__hover=&#8221;|||&#8221;][et_pb_text _builder_version=&#8221;4.8.2&#8243; _module_preset=&#8221;default&#8221;][\/et_pb_text][\/et_pb_column][et_pb_column type=&#8221;1_3&#8243; _builder_version=&#8221;4.8.1&#8243; custom_padding=&#8221;12vw|40px|12vw|40px&#8221; custom_padding_tablet=&#8221;|||&#8221; custom_padding_phone=&#8221;|10px||10px||true&#8221; custom_padding_last_edited=&#8221;on|desktop&#8221; padding_phone=&#8221;|10px||10px||true&#8221; padding_tablet=&#8221;|||&#8221; padding_last_edited=&#8221;on|desktop&#8221; custom_padding__hover=&#8221;|||&#8221;][\/et_pb_column][\/et_pb_row][\/et_pb_section][et_pb_section fb_built=&#8221;1&#8243; custom_padding_last_edited=&#8221;on|tablet&#8221; next_background_color=&#8221;#ffffff&#8221; disabled_on=&#8221;off|on|on&#8221; admin_label=&#8221;Hero&#8221; _builder_version=&#8221;4.9.0&#8243; background_image=&#8221;https:\/\/oman.madal.it\/wp-content\/uploads\/2021\/01\/SLIDE-Sostenibilita\u0300-People.jpg&#8221; module_alignment=&#8221;center&#8221; min_height=&#8221;572px&#8221; custom_margin=&#8221;0px|||&#8221; custom_padding=&#8221;0px|0%|0px|0%|true|true&#8221; custom_padding_tablet=&#8221;|30px||30px||true&#8221; custom_padding_phone=&#8221;|||||true&#8221; bottom_divider_style=&#8221;arrow&#8221; hover_enabled=&#8221;0&#8243; locked=&#8221;off&#8221; title_text=&#8221;SLIDE-Sostenibilita\u0300-People&#8221; sticky_enabled=&#8221;0&#8243;][et_pb_row column_structure=&#8221;2_3,1_3&#8243; padding_top_bottom_link_1=&#8221;true&#8221; padding_left_right_link_1=&#8221;true&#8221; _builder_version=&#8221;4.8.2&#8243; background_color=&#8221;rgba(0,0,0,0)&#8221; use_background_color_gradient=&#8221;on&#8221; background_color_gradient_start=&#8221;rgba(216,216,216,0)&#8221; background_color_gradient_end=&#8221;rgba(255,255,255,0)&#8221; background_size=&#8221;initial&#8221; background_position=&#8221;top_left&#8221; width=&#8221;100%&#8221; max_width=&#8221;100%&#8221; min_height=&#8221;562px&#8221; height=&#8221;433px&#8221; max_height=&#8221;516px&#8221; custom_margin=&#8221;|||&#8221; custom_padding=&#8221;||||false|false&#8221; use_custom_width=&#8221;on&#8221; width_unit=&#8221;off&#8221; custom_width_percent=&#8221;100%&#8221;][et_pb_column type=&#8221;2_3&#8243; _builder_version=&#8221;4.8.1&#8243; custom_padding=&#8221;12vw|40px|12vw|40px&#8221; custom_padding_tablet=&#8221;|||&#8221; custom_padding_phone=&#8221;|10px||10px||true&#8221; custom_padding_last_edited=&#8221;on|desktop&#8221; padding_phone=&#8221;|10px||10px||true&#8221; padding_tablet=&#8221;|||&#8221; padding_last_edited=&#8221;on|desktop&#8221; custom_padding__hover=&#8221;|||&#8221;][et_pb_text _builder_version=&#8221;4.8.2&#8243; _module_preset=&#8221;default&#8221; text_orientation=&#8221;right&#8221;][\/et_pb_text][\/et_pb_column][et_pb_column type=&#8221;1_3&#8243; _builder_version=&#8221;4.8.1&#8243; custom_padding=&#8221;12vw|40px|12vw|40px&#8221; custom_padding_tablet=&#8221;|||&#8221; custom_padding_phone=&#8221;|10px||10px||true&#8221; custom_padding_last_edited=&#8221;on|desktop&#8221; padding_phone=&#8221;|10px||10px||true&#8221; padding_tablet=&#8221;|||&#8221; padding_last_edited=&#8221;on|desktop&#8221; custom_padding__hover=&#8221;|||&#8221;][\/et_pb_column][\/et_pb_row][\/et_pb_section][et_pb_section fb_built=&#8221;1&#8243; disabled_on=&#8221;on|off|off&#8221; admin_label=&#8221;About Us&#8221; _builder_version=&#8221;4.8.2&#8243; background_color=&#8221;#ffffff&#8221; use_background_color_gradient=&#8221;on&#8221; background_color_gradient_start=&#8221;#ffffff&#8221; background_color_gradient_end=&#8221;rgba(255,255,255,0.66)&#8221; background_color_gradient_type=&#8221;radial&#8221; background_color_gradient_direction_radial=&#8221;top&#8221; background_color_gradient_start_position=&#8221;15%&#8221; background_color_gradient_overlays_image=&#8221;on&#8221; background_image=&#8221;https:\/\/oman.madal.it\/wp-content\/uploads\/2020\/11\/fondo-provetta-cat-generale-scaled.jpg&#8221; custom_margin=&#8221;||||false|false&#8221; custom_padding=&#8221;0px|0px|0px|0px|false|false&#8221; bottom_divider_style=&#8221;arrow&#8221; bottom_divider_color=&#8221;#0DA0C5&#8243; bottom_divider_height=&#8221;100px&#8221;][et_pb_row column_structure=&#8221;1_4,3_4&#8243; _builder_version=&#8221;4.8.2&#8243; width=&#8221;98%&#8221; max_width=&#8221;1125px&#8221; module_alignment=&#8221;center&#8221; min_height=&#8221;1593px&#8221; custom_margin=&#8221;70px|-2px|-7px|-104px|false|false&#8221; custom_padding=&#8221;0px||0px|0px|false|false&#8221; use_custom_width=&#8221;on&#8221; custom_width_px=&#8221;960px&#8221; locked=&#8221;off&#8221;][et_pb_column type=&#8221;1_4&#8243; _builder_version=&#8221;3.25&#8243; custom_padding=&#8221;|||&#8221; custom_padding__hover=&#8221;|||&#8221;][et_pb_button button_url=&#8221;https:\/\/www.amref.it\/&#8221; url_new_window=&#8221;on&#8221; button_text=&#8221;www.amref.it&#8221; button_alignment_tablet=&#8221;&#8221; button_alignment_phone=&#8221;center&#8221; button_alignment_last_edited=&#8221;on|phone&#8221; _builder_version=&#8221;4.8.2&#8243; _module_preset=&#8221;default&#8221; custom_button=&#8221;on&#8221; button_text_color=&#8221;#FFFFFF&#8221; button_bg_color=&#8221;#E02B20&#8243; button_border_width=&#8221;0px&#8221; custom_margin=&#8221;118px|12px||34px|false|false&#8221; custom_margin_tablet=&#8221;&#8221; custom_margin_phone=&#8221;118px|0px||0px|false|false&#8221; custom_margin_last_edited=&#8221;on|desktop&#8221; custom_padding=&#8221;|30px||30px|false|true&#8221;][\/et_pb_button][et_pb_image src=&#8221;https:\/\/oman.madal.it\/wp-content\/uploads\/2021\/01\/Logo-Amref.png&#8221; title_text=&#8221;Logo Amref&#8221; _builder_version=&#8221;4.8.2&#8243; _module_preset=&#8221;default&#8221; width=&#8221;99.9%&#8221; custom_margin=&#8221;20px||||false|false&#8221;][\/et_pb_image][et_pb_image src=&#8221;https:\/\/oman.madal.it\/wp-content\/uploads\/2021\/01\/AMREF-AFRICA.png&#8221; title_text=&#8221;AMREF-AFRICA&#8221; _builder_version=&#8221;4.8.2&#8243; _module_preset=&#8221;default&#8221; width=&#8221;99.9%&#8221; custom_padding=&#8221;92px||92px||true|&#8221;][\/et_pb_image][\/et_pb_column][et_pb_column type=&#8221;3_4&#8243; _builder_version=&#8221;3.25&#8243; custom_padding=&#8221;|||&#8221; custom_padding__hover=&#8221;|||&#8221;][et_pb_text admin_label=&#8221;Title&#8221; _builder_version=&#8221;4.9.0&#8243; text_font=&#8221;Orbitron||||||||&#8221; text_font_size=&#8221;27px&#8221; text_line_height=&#8221;1.8em&#8221; header_font=&#8221;Orbitron||||||||&#8221; header_2_font=&#8221;Teko||||||||&#8221; header_2_font_size=&#8221;96px&#8221; width=&#8221;100%&#8221; max_width=&#8221;999px&#8221; module_alignment=&#8221;center&#8221; min_height=&#8221;100px&#8221; height=&#8221;100px&#8221; max_height=&#8221;100px&#8221; custom_margin=&#8221;120px||-26px|0px|false|false&#8221; custom_padding=&#8221;0px||0px|0px|false|false&#8221; hover_enabled=&#8221;0&#8243; header_2_font_size_tablet=&#8221;66px&#8221; header_2_font_size_phone=&#8221;36px&#8221; header_2_font_size_last_edited=&#8221;on|phone&#8221; inline_fonts=&#8221;Orbitron&#8221; sticky_enabled=&#8221;0&#8243;]<\/p>\n<p>L\u2019engagement de Madal pour les jeunes et le droit \u00e0 la sant\u00e9 dans le Continent Africain.<\/p>\n<p>&nbsp;<\/p>\n<p>[\/et_pb_text][et_pb_text disabled_on=&#8221;on|off|off&#8221; admin_label=&#8221;Title&#8221; _builder_version=&#8221;4.9.0&#8243; text_font=&#8221;Lato||||||||&#8221; text_font_size=&#8221;18px&#8221; text_line_height=&#8221;1.8em&#8221; ul_line_height=&#8221;1.8em&#8221; header_font=&#8221;Lato||||||||&#8221; header_2_font=&#8221;Teko||||||||&#8221; header_2_font_size=&#8221;96px&#8221; width=&#8221;100%&#8221; max_width=&#8221;999px&#8221; module_alignment=&#8221;center&#8221; min_height=&#8221;1000px&#8221; height=&#8221;1000px&#8221; max_height=&#8221;1000px&#8221; custom_margin=&#8221;0px|||-359px|false|false&#8221; custom_padding=&#8221;43px||0px|0px||&#8221; hover_enabled=&#8221;0&#8243; header_2_font_size_tablet=&#8221;66px&#8221; header_2_font_size_phone=&#8221;36px&#8221; header_2_font_size_last_edited=&#8221;on|phone&#8221; inline_fonts=&#8221;Orbitron&#8221; sticky_enabled=&#8221;0&#8243;]<\/p>\n<p>Nous aidons les jeunes parce qu\u2019ils sont faibles, nous les aidons parce qu\u2019ils sont la force et l\u2019espoir d\u2019un continent entier. C\u2019est cela l\u2019esprit avec lequel Madal soutient Amref Health Africa, la plus grande organisation sanitaire sans profit pr\u00e9sente en Afrique, dans la r\u00e9alisation du projet \u00ab\u00a0Child in need\u00a0\u00bb, au Kenya. Avec son soutien, Madal assurera la formation de 5 \u00a0leader mentors des jeunes dans la formation m\u00e9dicale et de 20 professionnels de la sant\u00e9, ax\u00e9s sur l\u2019offre de services pr\u00e9ventifs, curatifs et de promotion de la sant\u00e9 pour les adolescents.<\/p>\n<p>L\u2019intervention s\u2019adresse en effet \u00e0 la tranche d\u2019\u00e2ge des adolescents qui est fondamentale pour la pr\u00e9vention des maladies, mais souvent les conditions de pauvret\u00e9, d\u2019acc\u00e8s insuffisant aux informations et l\u2019inadaptation des formations de beaucoup de professionnels de sant\u00e9 sur les services pour adolescents, se r\u00e9percute sur la connaissance et donc la demande des services de sant\u00e9. Amref Health Africa a lanc\u00e9 des interventions de tutelle de l\u2019enfance au Kenya en 2000, pour r\u00e9pondre \u00e0 la croissance exponentielle des enfants des rues dans la zone de Dagoretti, en p\u00e9riph\u00e9rie de Nairobi, qui accueille 17 bidonvilles qui, \u00e0 l\u2019\u00e9poque, relevaient la pr\u00e9sence d\u2019environ 11.500 enfants des rues (Amref baseline survey, 2001). Pour r\u00e9pondre aux besoins de ces enfants et adolescents, Amref a d\u00e9velopp\u00e9 et mis en \u0153uvre une prise de contact communautaire de tutelle des enfants des fameux \u00ab\u00a04R\u00a0\u00bb, \u00e0 savoir R\u00e9cup\u00e9ration, R\u00e9habilitation, Resocialisation et R\u00e9int\u00e9gration, avec l\u2019objectif d\u2019am\u00e9liorer l\u2019\u00e9tat de sant\u00e9 et le bien-\u00eatre des enfants de Dagoretti. <span>\u00a0\u00a0\u00a0<\/span><\/p>\n<p>Depuis 2020, Amref a, de plus, d\u00e9velopp\u00e9 une nouvelle approche \u201cFamily-Community Centered\u201d, avec l\u2019objectif d\u2019impliquer et renforcer les familles, les communaut\u00e9s et les r\u00e9seaux de protection de l\u2019enfance en travaillant et en impliquant les autorit\u00e9s locales, les groupes de la soci\u00e9t\u00e9 civile et les membres de la communaut\u00e9, en incluant les enfants. <span>\u00a0<\/span>Cette approche a montr\u00e9 que les mesures proactives prises au niveau communautaire, jouent un r\u00f4le crucial pour assurer la s\u00e9curit\u00e9 des enfants et des adolescents<span>\u00a0 <\/span>et a d\u00e9montr\u00e9 \u00eatre un des moyens les plus efficaces. Cependant, vu le besoin croissant de mettre en place des interventions supportables pour les familles et les enfants de Dagoretti, le projet se focalisera sur\u00a0:<span>\u00a0 <\/span><\/p>\n<ul>\n<li>Construction des capacit\u00e9s n\u00e9cessaires de la part des familles et des communaut\u00e9s pour r\u00e9pondre \u00e0 la violence et les abus sur les enfants;<\/li>\n<li>Renforcement des familles dans leur capacit\u00e9 \u00e0 fournir un support psychosocial, une r\u00e9conciliation et une r\u00e9int\u00e9gration des enfants en \u00e9tat de besoin et de protection\u00a0;<\/li>\n<li>Promotion d\u2019activit\u00e9s g\u00e9n\u00e9ratrices de revenu pour les familles cibles\u00a0;<\/li>\n<li>Promotion de la sant\u00e9 sexuelle reproductive des adolescents impliqu\u00e9s dans le projet.<\/li>\n<\/ul>\n<p>[\/et_pb_text][\/et_pb_column][\/et_pb_row][\/et_pb_section][et_pb_section fb_built=&#8221;1&#8243; disabled_on=&#8221;off|on|on&#8221; admin_label=&#8221;About Us&#8221; _builder_version=&#8221;4.8.2&#8243; background_color=&#8221;#ffffff&#8221; use_background_color_gradient=&#8221;on&#8221; background_color_gradient_start=&#8221;#ffffff&#8221; background_color_gradient_end=&#8221;rgba(255,255,255,0.66)&#8221; background_color_gradient_type=&#8221;radial&#8221; background_color_gradient_direction_radial=&#8221;top&#8221; background_color_gradient_start_position=&#8221;15%&#8221; background_color_gradient_overlays_image=&#8221;on&#8221; background_image=&#8221;https:\/\/oman.madal.it\/wp-content\/uploads\/2020\/11\/fondo-provetta-cat-generale-scaled.jpg&#8221; custom_padding=&#8221;|0px|||false|false&#8221; bottom_divider_style=&#8221;arrow&#8221; bottom_divider_color=&#8221;#0DA0C5&#8243;][et_pb_row column_structure=&#8221;1_4,3_4&#8243; _builder_version=&#8221;4.8.2&#8243; module_alignment=&#8221;center&#8221; custom_margin=&#8221;1px|auto||auto|false|false&#8221; custom_padding=&#8221;0px||0px|0px|false|false&#8221; use_custom_width=&#8221;on&#8221; custom_width_px=&#8221;960px&#8221; locked=&#8221;off&#8221;][et_pb_column type=&#8221;1_4&#8243; _builder_version=&#8221;3.25&#8243; custom_padding=&#8221;|||&#8221; custom_padding__hover=&#8221;|||&#8221;][et_pb_button button_url=&#8221;https:\/\/www.amref.it\/&#8221; url_new_window=&#8221;on&#8221; button_text=&#8221;www.amref.it&#8221; button_alignment_tablet=&#8221;&#8221; button_alignment_phone=&#8221;center&#8221; button_alignment_last_edited=&#8221;on|phone&#8221; _builder_version=&#8221;4.8.2&#8243; _module_preset=&#8221;default&#8221; custom_button=&#8221;on&#8221; button_text_color=&#8221;#FFFFFF&#8221; button_bg_color=&#8221;#E02B20&#8243; button_border_width=&#8221;0px&#8221; custom_margin=&#8221;118px|12px||34px|false|false&#8221; custom_margin_tablet=&#8221;&#8221; custom_margin_phone=&#8221;1px|0px||0px|false|false&#8221; custom_margin_last_edited=&#8221;on|desktop&#8221; custom_padding=&#8221;|30px||30px|false|true&#8221;][\/et_pb_button][et_pb_image src=&#8221;https:\/\/oman.madal.it\/wp-content\/uploads\/2021\/01\/Logo-Amref.png&#8221; title_text=&#8221;Logo Amref&#8221; _builder_version=&#8221;4.8.2&#8243; _module_preset=&#8221;default&#8221; width=&#8221;99.9%&#8221; custom_margin=&#8221;20px||||false|false&#8221;][\/et_pb_image][et_pb_image src=&#8221;https:\/\/oman.madal.it\/wp-content\/uploads\/2021\/01\/AMREF-AFRICA.png&#8221; title_text=&#8221;AMREF-AFRICA&#8221; _builder_version=&#8221;4.8.2&#8243; _module_preset=&#8221;default&#8221; width=&#8221;99.9%&#8221; custom_padding=&#8221;||||true|false&#8221;][\/et_pb_image][\/et_pb_column][et_pb_column type=&#8221;3_4&#8243; _builder_version=&#8221;3.25&#8243; custom_padding=&#8221;|||&#8221; custom_padding__hover=&#8221;|||&#8221;][et_pb_text disabled_on=&#8221;off|on|on&#8221; admin_label=&#8221;Title&#8221; _builder_version=&#8221;4.9.0&#8243; text_font=&#8221;Lato||||||||&#8221; text_font_size=&#8221;18px&#8221; text_line_height=&#8221;1.8em&#8221; header_font=&#8221;Lato||||||||&#8221; header_2_font=&#8221;Teko||||||||&#8221; header_2_font_size=&#8221;96px&#8221; width=&#8221;80%&#8221; max_width=&#8221;999px&#8221; module_alignment=&#8221;center&#8221; height_tablet=&#8221;&#8221; height_phone=&#8221;&#8221; height_last_edited=&#8221;on|phone&#8221; custom_margin=&#8221;||||false|false&#8221; custom_padding=&#8221;|||0px|false|false&#8221; hover_enabled=&#8221;0&#8243; header_2_font_size_tablet=&#8221;66px&#8221; header_2_font_size_phone=&#8221;36px&#8221; header_2_font_size_last_edited=&#8221;on|phone&#8221; inline_fonts=&#8221;Orbitron&#8221; sticky_enabled=&#8221;0&#8243;]<\/p>\n<p>L\u2019engagement de Madal pour les jeunes et le droit \u00e0 la sant\u00e9 dans le Continent Africain.<\/p>\n<p>Nous aidons les jeunes parce qu\u2019ils sont faibles, nous les aidons parce qu\u2019ils sont la force et l\u2019espoir d\u2019un continent entier. C\u2019est cela l\u2019esprit avec lequel Madal soutient Amref Health Africa, la plus grande organisation sanitaire sans profit pr\u00e9sente en Afrique, dans la r\u00e9alisation du projet \u00ab\u00a0Child in need\u00a0\u00bb, au Kenya. Avec son soutien, Madal assurera la formation de 5 \u00a0leader mentors des jeunes dans la formation m\u00e9dicale et de 20 professionnels de la sant\u00e9, ax\u00e9s sur l\u2019offre de services pr\u00e9ventifs, curatifs et de promotion de la sant\u00e9 pour les adolescents.<\/p>\n<p>L\u2019intervention s\u2019adresse en effet \u00e0 la tranche d\u2019\u00e2ge des adolescents qui est fondamentale pour la pr\u00e9vention des maladies, mais souvent les conditions de pauvret\u00e9, d\u2019acc\u00e8s insuffisant aux informations et l\u2019inadaptation des formations de beaucoup de professionnels de sant\u00e9 sur les services pour adolescents, se r\u00e9percute sur la connaissance et donc la demande des services de sant\u00e9. Amref Health Africa a lanc\u00e9 des interventions de tutelle de l\u2019enfance au Kenya en 2000, pour r\u00e9pondre \u00e0 la croissance exponentielle des enfants des rues dans la zone de Dagoretti, en p\u00e9riph\u00e9rie de Nairobi, qui accueille 17 bidonvilles qui, \u00e0 l\u2019\u00e9poque, relevaient la pr\u00e9sence d\u2019environ 11.500 enfants des rues (Amref baseline survey, 2001). Pour r\u00e9pondre aux besoins de ces enfants et adolescents, Amref a d\u00e9velopp\u00e9 et mis en \u0153uvre une prise de contact communautaire de tutelle des enfants des fameux \u00ab\u00a04R\u00a0\u00bb, \u00e0 savoir R\u00e9cup\u00e9ration, R\u00e9habilitation, Resocialisation et R\u00e9int\u00e9gration, avec l\u2019objectif d\u2019am\u00e9liorer l\u2019\u00e9tat de sant\u00e9 et le bien-\u00eatre des enfants de Dagoretti. <span>\u00a0\u00a0\u00a0<\/span><\/p>\n<p>Depuis 2020, Amref a, de plus, d\u00e9velopp\u00e9 une nouvelle approche \u201cFamily-Community Centered\u201d, avec l\u2019objectif d\u2019impliquer et renforcer les familles, les communaut\u00e9s et les r\u00e9seaux de protection de l\u2019enfance en travaillant et en impliquant les autorit\u00e9s locales, les groupes de la soci\u00e9t\u00e9 civile et les membres de la communaut\u00e9, en incluant les enfants. <span>\u00a0<\/span>Cette approche a montr\u00e9 que les mesures proactives prises au niveau communautaire, jouent un r\u00f4le crucial pour assurer la s\u00e9curit\u00e9 des enfants et des adolescents<span>\u00a0 <\/span>et a d\u00e9montr\u00e9 \u00eatre un des moyens les plus efficaces. Cependant, vu le besoin croissant de mettre en place des interventions supportables pour les familles et les enfants de Dagoretti, le projet se focalisera sur\u00a0:<span>\u00a0 <\/span><\/p>\n<ul>\n<li>Construction des capacit\u00e9s n\u00e9cessaires de la part des familles et des communaut\u00e9s pour r\u00e9pondre \u00e0 la violence et les abus sur les enfants;<\/li>\n<li>Renforcement des familles dans leur capacit\u00e9 \u00e0 fournir un support psychosocial, une r\u00e9conciliation et une r\u00e9int\u00e9gration des enfants en \u00e9tat de besoin et de protection\u00a0;<\/li>\n<li>Promotion d\u2019activit\u00e9s g\u00e9n\u00e9ratrices de revenu pour les familles cibles\u00a0;<\/li>\n<li>Promotion de la sant\u00e9 sexuelle reproductive des adolescents impliqu\u00e9s dans le projet.<\/li>\n<\/ul>\n<p>&nbsp;<\/p>\n<p>Non aiutiamo i ragazzi perch\u00e9 sono deboli, li aiutiamo perch\u00e9 sono la forza e la speranza di un intero continente.\u00a0\u00c8 questo lo spirito con cui Madal sostiene Amref Health Africa, la pi\u00f9 grande organizzazione sanitaria no profit presente in Africa, nella realizzazione del Progetto \u201cChild in Need\u201d, in Kenya.\u00a0Con il suo sostegno, Madal sosterr\u00e0 la formazione di 5 leader mentori dei giovani nella formazione medica e di 20 operatori sanitari, focalizzati sull\u2019offerta di servizi preventivi, curativi e di promozione di salute per gli adolescenti.\u00a0L&#8217;intervento \u00e8 rivolto infatti alla fascia d\u2019et\u00e0 degli adolescenti che \u00e8 fondamentale per la prevenzione delle malattie, ma spesso le condizioni di povert\u00e0, di scarso accesso a informazioni, e l&#8217;inadeguatezza della formazione di molti operatori sanitari sui servizi per gli adolescenti, si ripercuote sulla conoscenza e quindi la domanda di servizi di salute.\u00a0Amref Health Africa ha avviato interventi di tutela dell\u2019infanzia in Kenya nel 2000 per rispondere alla crescita esponenziale di bambini di strada nell\u2019area di Dagoretti, periferia di Nairobi, che ospita 17 slums che, al tempo, vedevano la presenza di circa 11.500 bambini di strada (Amref baseline survey, 2001).\u00a0<span style=\"font-size: 18px;\">Per rispondere ai bisogni di questi bambini e ragazzi, Amref ha sviluppato e implementato\u00a0l\u2019approccio di base comunitaria di tutela dei bambini delle cosiddette \u00ab4 R\u00bb, ossia Recupero, Riabilitazione, Ri-socializzazione e Reintegrazione, con l\u2019obiettivo di migliorare lo stato di salute e benessere dei bambini di Dagoretti.\u00a0<\/span><span style=\"font-size: 18px;\">Dal 2020 Amref ha inoltre sviluppato un nuovo approccio \u201cFamily-Community Centered\u201d, con l\u2019obiettivo di coinvolgere e rafforzare le famiglie, le comunit\u00e0 e le reti di protezione per l\u2019infanzia lavorando e coinvolgendo le autorit\u00e0 locali, i gruppi della societ\u00e0 civile e i membri della comunit\u00e0, includendo i bambini.\u00a0Questo approccio ha mostrato come le misure proattive prese a livello comunitario svolgano un ruolo cruciale nel garantire la sicurezza dei bambini e degli adolescenti e ha dimostrato di essere uno dei mezzi pi\u00f9 efficaci.\u00a0<\/span><span style=\"font-size: 18px;\">Visto quindi il crescente bisogno di implementare interventi sostenibili per le famiglie e i bambini di Dagoretti, il progetto si focalizzer\u00e0 su:<\/span><\/p>\n<ul>\n<li style=\"text-align: left;\">\u00a0Costruzione delle capacit\u00e0 necessarie da parte delle famiglie e delle comunit\u00e0 per rispondere alla violenza e agli abusi sui bambini;<\/li>\n<li style=\"text-align: left;\">Rafforzamento delle famiglie nelle loro abilit\u00e0 di fornire supporto psicosociale, riconciliazione e reintegrazione dei bambini in stato di bisogno e di protezione;<\/li>\n<li style=\"text-align: left;\">Promozione di attivit\u00e0 generatrici di reddito per le famiglie target;<\/li>\n<li style=\"text-align: left;\">Promozione della salute sessuale riproduttiva degli adolescenti coinvolti nel progetto.<\/li>\n<\/ul>\n<p>&nbsp;<\/p>\n<p>&nbsp;<\/p>\n<p>&nbsp;<\/p>\n<p>&nbsp;<\/p>\n<p>[\/et_pb_text][\/et_pb_column][\/et_pb_row][\/et_pb_section]<\/p>\n","protected":false},"excerpt":{"rendered":"<p>L\u2019engagement de Madal pour les jeunes et le droit \u00e0 la sant\u00e9 dans le Continent Africain. &nbsp;Nous aidons les jeunes parce qu\u2019ils sont faibles, nous les aidons parce qu\u2019ils sont la force et l\u2019espoir d\u2019un continent entier. C\u2019est cela l\u2019esprit avec lequel Madal soutient Amref Health Africa, la plus grande organisation sanitaire sans profit pr\u00e9sente [&hellip;]<\/p>\n","protected":false},"author":1,"featured_media":0,"parent":3914,"menu_order":0,"comment_status":"closed","ping_status":"closed","template":"","meta":{"_et_pb_use_builder":"on","_et_pb_old_content":"","_et_gb_content_width":""},"_links":{"self":[{"href":"https:\/\/oman.madal.it\/fr\/wp-json\/wp\/v2\/pages\/3951"}],"collection":[{"href":"https:\/\/oman.madal.it\/fr\/wp-json\/wp\/v2\/pages"}],"about":[{"href":"https:\/\/oman.madal.it\/fr\/wp-json\/wp\/v2\/types\/page"}],"author":[{"embeddable":true,"href":"https:\/\/oman.madal.it\/fr\/wp-json\/wp\/v2\/users\/1"}],"replies":[{"embeddable":true,"href":"https:\/\/oman.madal.it\/fr\/wp-json\/wp\/v2\/comments?post=3951"}],"version-history":[{"count":7,"href":"https:\/\/oman.madal.it\/fr\/wp-json\/wp\/v2\/pages\/3951\/revisions"}],"predecessor-version":[{"id":4279,"href":"https:\/\/oman.madal.it\/fr\/wp-json\/wp\/v2\/pages\/3951\/revisions\/4279"}],"up":[{"embeddable":true,"href":"https:\/\/oman.madal.it\/fr\/wp-json\/wp\/v2\/pages\/3914"}],"wp:attachment":[{"href":"https:\/\/oman.madal.it\/fr\/wp-json\/wp\/v2\/media?parent=3951"}],"curies":[{"name":"wp","href":"https:\/\/api.w.org\/{rel}","templated":true}]}}