{"id":3953,"date":"2021-01-22T15:14:24","date_gmt":"2021-01-22T14:14:24","guid":{"rendered":"https:\/\/oman.madal.it\/cesvi-aziende-amiche-del-pianeta\/"},"modified":"2021-02-19T12:10:53","modified_gmt":"2021-02-19T11:10:53","slug":"developpement","status":"publish","type":"page","link":"https:\/\/oman.madal.it\/fr\/developpement-durable\/developpement\/","title":{"rendered":"D\u00e9veloppement"},"content":{"rendered":"<p>[et_pb_section fb_built=&#8221;1&#8243; custom_padding_last_edited=&#8221;on|tablet&#8221; next_background_color=&#8221;#ffffff&#8221; disabled_on=&#8221;on|off|off&#8221; admin_label=&#8221;Hero&#8221; _builder_version=&#8221;4.8.2&#8243; background_enable_color=&#8221;off&#8221; background_color_gradient_direction=&#8221;178deg&#8221; background_image=&#8221;https:\/\/oman.madal.it\/wp-content\/uploads\/2021\/01\/CharityCESVi-1.jpg&#8221; parallax=&#8221;on&#8221; module_alignment=&#8221;center&#8221; min_height=&#8221;572px&#8221; custom_margin=&#8221;0px|||&#8221; custom_padding=&#8221;0px|0%|0px|0%|true|true&#8221; custom_padding_tablet=&#8221;|30px||30px||true&#8221; custom_padding_phone=&#8221;|||||true&#8221; bottom_divider_style=&#8221;arrow&#8221; locked=&#8221;off&#8221;][et_pb_row column_structure=&#8221;2_3,1_3&#8243; padding_top_bottom_link_1=&#8221;true&#8221; padding_left_right_link_1=&#8221;true&#8221; _builder_version=&#8221;4.8.2&#8243; background_color=&#8221;rgba(0,0,0,0)&#8221; use_background_color_gradient=&#8221;on&#8221; background_color_gradient_start=&#8221;rgba(216,216,216,0)&#8221; background_color_gradient_end=&#8221;rgba(255,255,255,0)&#8221; background_size=&#8221;initial&#8221; background_position=&#8221;top_left&#8221; width=&#8221;100%&#8221; max_width=&#8221;100%&#8221; min_height=&#8221;565px&#8221; custom_margin=&#8221;|||&#8221; custom_padding=&#8221;0||7px|368px|false|false&#8221; use_custom_width=&#8221;on&#8221; width_unit=&#8221;off&#8221; custom_width_percent=&#8221;100%&#8221;][et_pb_column type=&#8221;2_3&#8243; _builder_version=&#8221;4.8.2&#8243; use_background_color_gradient=&#8221;on&#8221; background_color_gradient_start=&#8221;rgba(0,0,0,0)&#8221; background_color_gradient_end=&#8221;rgba(255,255,255,0)&#8221; custom_padding=&#8221;12vw|40px|12vw|40px&#8221; custom_padding_tablet=&#8221;|||&#8221; custom_padding_phone=&#8221;|10px||10px||true&#8221; custom_padding_last_edited=&#8221;on|desktop&#8221; padding_phone=&#8221;|10px||10px||true&#8221; padding_tablet=&#8221;|||&#8221; padding_last_edited=&#8221;on|desktop&#8221; custom_padding__hover=&#8221;|||&#8221;][et_pb_text _builder_version=&#8221;4.8.2&#8243; text_font=&#8221;Lato||||||||&#8221; text_font_size=&#8221;20px&#8221; text_line_height=&#8221;1.8em&#8221; header_font=&#8221;Teko|500||on|||||&#8221; header_font_size=&#8221;9vw&#8221; header_letter_spacing=&#8221;0.05em&#8221; header_line_height=&#8221;0.9em&#8221; use_background_color_gradient=&#8221;on&#8221; background_color_gradient_start=&#8221;rgba(0,0,0,0)&#8221; background_color_gradient_end=&#8221;rgba(0,0,0,0)&#8221; background_layout=&#8221;dark&#8221; custom_margin=&#8221;-47px|-10vw|0px|59px||&#8221; custom_margin_tablet=&#8221;|0vw||&#8221; custom_margin_phone=&#8221;|-5vw||&#8221; custom_margin_last_edited=&#8221;on|tablet&#8221; custom_padding=&#8221;0px||0px|245px||&#8221; animation_style=&#8221;zoom&#8221; animation_delay=&#8221;100ms&#8221; animation_intensity_zoom=&#8221;10%&#8221; header_font_size_tablet=&#8221;&#8221; header_font_size_phone=&#8221;&#8221; header_font_size_last_edited=&#8221;on|phone&#8221; header_line_height_tablet=&#8221;&#8221; header_line_height_phone=&#8221;1.2em&#8221; header_line_height_last_edited=&#8221;on|phone&#8221; header_text_shadow_style=&#8221;preset1&#8243; header_text_shadow_vertical_length=&#8221;0.18em&#8221; header_text_shadow_blur_strength=&#8221;0.27em&#8221; header_text_shadow_color=&#8221;rgba(0,0,0,0.38)&#8221; inline_fonts=&#8221;Orbitron&#8221;][\/et_pb_text][\/et_pb_column][et_pb_column type=&#8221;1_3&#8243; _builder_version=&#8221;4.7.5&#8243; use_background_color_gradient=&#8221;on&#8221; background_color_gradient_start=&#8221;rgba(0,0,0,0)&#8221; background_color_gradient_end=&#8221;rgba(255,255,255,0)&#8221; custom_padding=&#8221;12vw|40px|12vw|40px&#8221; custom_padding_tablet=&#8221;|||&#8221; custom_padding_phone=&#8221;|10px||10px||true&#8221; custom_padding_last_edited=&#8221;on|desktop&#8221; padding_phone=&#8221;|10px||10px||true&#8221; padding_tablet=&#8221;|||&#8221; padding_last_edited=&#8221;on|desktop&#8221; custom_padding__hover=&#8221;|||&#8221;][\/et_pb_column][\/et_pb_row][\/et_pb_section][et_pb_section fb_built=&#8221;1&#8243; custom_padding_last_edited=&#8221;on|tablet&#8221; next_background_color=&#8221;#ffffff&#8221; disabled_on=&#8221;off|on|on&#8221; admin_label=&#8221;Hero&#8221; _builder_version=&#8221;4.8.2&#8243; background_enable_color=&#8221;off&#8221; background_color_gradient_direction=&#8221;178deg&#8221; background_image=&#8221;https:\/\/oman.madal.it\/wp-content\/uploads\/2021\/01\/CharityCESVi-1.jpg&#8221; module_alignment=&#8221;center&#8221; min_height=&#8221;572px&#8221; custom_margin=&#8221;0px|||&#8221; custom_padding=&#8221;0px|0%|0px|0%|true|true&#8221; custom_padding_tablet=&#8221;|30px||30px||true&#8221; custom_padding_phone=&#8221;|||||true&#8221; bottom_divider_style=&#8221;arrow&#8221; locked=&#8221;off&#8221;][et_pb_row column_structure=&#8221;2_3,1_3&#8243; padding_top_bottom_link_1=&#8221;true&#8221; padding_left_right_link_1=&#8221;true&#8221; _builder_version=&#8221;4.8.2&#8243; background_color=&#8221;rgba(0,0,0,0)&#8221; use_background_color_gradient=&#8221;on&#8221; background_color_gradient_start=&#8221;rgba(216,216,216,0)&#8221; background_color_gradient_end=&#8221;rgba(255,255,255,0)&#8221; background_size=&#8221;initial&#8221; background_position=&#8221;top_left&#8221; width=&#8221;100%&#8221; max_width=&#8221;100%&#8221; min_height=&#8221;565px&#8221; custom_margin=&#8221;|||&#8221; custom_padding=&#8221;0||||false|false&#8221; use_custom_width=&#8221;on&#8221; width_unit=&#8221;off&#8221; custom_width_percent=&#8221;100%&#8221;][et_pb_column type=&#8221;2_3&#8243; _builder_version=&#8221;3.25&#8243; use_background_color_gradient=&#8221;on&#8221; background_color_gradient_start=&#8221;rgba(0,0,0,0.12)&#8221; background_color_gradient_end=&#8221;rgba(255,255,255,0)&#8221; custom_padding=&#8221;12vw|40px|12vw|40px&#8221; custom_padding_tablet=&#8221;|||&#8221; custom_padding_phone=&#8221;|10px||10px||true&#8221; custom_padding_last_edited=&#8221;on|desktop&#8221; padding_phone=&#8221;|10px||10px||true&#8221; padding_tablet=&#8221;|||&#8221; padding_last_edited=&#8221;on|desktop&#8221; custom_padding__hover=&#8221;|||&#8221;][\/et_pb_column][et_pb_column type=&#8221;1_3&#8243; _builder_version=&#8221;4.7.5&#8243; use_background_color_gradient=&#8221;on&#8221; background_color_gradient_start=&#8221;rgba(0,0,0,0)&#8221; background_color_gradient_end=&#8221;rgba(255,255,255,0)&#8221; custom_padding=&#8221;12vw|40px|12vw|40px&#8221; custom_padding_tablet=&#8221;|||&#8221; custom_padding_phone=&#8221;|10px||10px||true&#8221; custom_padding_last_edited=&#8221;on|desktop&#8221; padding_phone=&#8221;|10px||10px||true&#8221; padding_tablet=&#8221;|||&#8221; padding_last_edited=&#8221;on|desktop&#8221; custom_padding__hover=&#8221;|||&#8221;][\/et_pb_column][\/et_pb_row][\/et_pb_section][et_pb_section fb_built=&#8221;1&#8243; admin_label=&#8221;About Us&#8221; _builder_version=&#8221;4.8.1&#8243; background_color=&#8221;#ffffff&#8221; use_background_color_gradient=&#8221;on&#8221; background_color_gradient_start=&#8221;#ffffff&#8221; background_color_gradient_end=&#8221;rgba(255,255,255,0.66)&#8221; background_color_gradient_type=&#8221;radial&#8221; background_color_gradient_direction_radial=&#8221;top&#8221; background_color_gradient_start_position=&#8221;15%&#8221; background_color_gradient_overlays_image=&#8221;on&#8221; background_image=&#8221;https:\/\/oman.madal.it\/wp-content\/uploads\/2020\/11\/fondo-provetta-cat-generale-scaled.jpg&#8221; custom_padding=&#8221;9px|0px||0px|false|false&#8221; bottom_divider_style=&#8221;arrow&#8221; bottom_divider_color=&#8221;#0DA0C5&#8243;][et_pb_row column_structure=&#8221;1_3,2_3&#8243; _builder_version=&#8221;4.8.2&#8243; width=&#8221;100%&#8221; max_width=&#8221;1100px&#8221; module_alignment=&#8221;center&#8221; min_height=&#8221;1593px&#8221; custom_margin=&#8221;-9px|auto||368px|false|false&#8221; custom_padding=&#8221;0px|||0px|false|false&#8221; use_custom_width=&#8221;on&#8221; custom_width_px=&#8221;960px&#8221; locked=&#8221;off&#8221;][et_pb_column type=&#8221;1_3&#8243; _builder_version=&#8221;3.25&#8243; custom_padding=&#8221;|||&#8221; custom_padding__hover=&#8221;|||&#8221;][et_pb_button button_url=&#8221;http:\/\/www.cesvi.org&#8221; url_new_window=&#8221;on&#8221; button_text=&#8221;www.cesvi.org&#8221; button_alignment=&#8221;center&#8221; button_alignment_tablet=&#8221;&#8221; button_alignment_phone=&#8221;center&#8221; button_alignment_last_edited=&#8221;on|phone&#8221; _builder_version=&#8221;4.8.2&#8243; _module_preset=&#8221;default&#8221; custom_button=&#8221;on&#8221; button_text_color=&#8221;#FFFFFF&#8221; button_bg_color=&#8221;#E06100&#8243; button_border_width=&#8221;0px&#8221; custom_margin=&#8221;120px||120px||false|false&#8221; custom_margin_tablet=&#8221;&#8221; custom_margin_phone=&#8221;101px|0px||0px|false|false&#8221; custom_margin_last_edited=&#8221;on|phone&#8221; custom_padding=&#8221;|98px||98px|false|true&#8221; custom_padding_tablet=&#8221;&#8221; custom_padding_phone=&#8221;|30px||30px|false|true&#8221; custom_padding_last_edited=&#8221;on|phone&#8221;][\/et_pb_button][et_pb_image src=&#8221;https:\/\/oman.madal.it\/wp-content\/uploads\/2021\/01\/CESVI-Azienda-amica-del-pianeta-BANNER@1x.jpg&#8221; title_text=&#8221;CESVI Azienda amica del pianeta&#8221; _builder_version=&#8221;4.8.2&#8243; _module_preset=&#8221;default&#8221; min_height=&#8221;221px&#8221; custom_margin=&#8221;1px||5px||false|false&#8221; custom_padding=&#8221;||0px||false|false&#8221;][\/et_pb_image][et_pb_image src=&#8221;https:\/\/oman.madal.it\/wp-content\/uploads\/2021\/01\/Cesvi1-1-scaled.jpg&#8221; title_text=&#8221;Cesvi1&#8243; _builder_version=&#8221;4.8.2&#8243; _module_preset=&#8221;default&#8221; min_height=&#8221;190px&#8221; custom_margin=&#8221;112px||-15px||false|false&#8221; custom_padding=&#8221;4px||0px||false|false&#8221;][\/et_pb_image][\/et_pb_column][et_pb_column type=&#8221;2_3&#8243; _builder_version=&#8221;3.25&#8243; custom_padding=&#8221;|||&#8221; custom_padding__hover=&#8221;|||&#8221;][et_pb_text admin_label=&#8221;Title&#8221; _builder_version=&#8221;4.9.0&#8243; text_font=&#8221;Orbitron||||||||&#8221; text_font_size=&#8221;27px&#8221; text_line_height=&#8221;1.8em&#8221; header_font=&#8221;Orbitron||||||||&#8221; header_2_font=&#8221;Teko||||||||&#8221; header_2_font_size=&#8221;96px&#8221; width_tablet=&#8221;&#8221; width_phone=&#8221;80%&#8221; width_last_edited=&#8221;on|phone&#8221; module_alignment=&#8221;center&#8221; min_height=&#8221;108px&#8221; custom_margin=&#8221;120px||||false|false&#8221; custom_margin_tablet=&#8221;&#8221; custom_margin_phone=&#8221;120px||||false|false&#8221; custom_margin_last_edited=&#8221;on|phone&#8221; hover_enabled=&#8221;0&#8243; header_2_font_size_tablet=&#8221;66px&#8221; header_2_font_size_phone=&#8221;36px&#8221; header_2_font_size_last_edited=&#8221;on|phone&#8221; inline_fonts=&#8221;Orbitron&#8221; sticky_enabled=&#8221;0&#8243;]<\/p>\n<p class=\"p1\">CESVI et le d\u00e9veloppement durable dans la For\u00eat Amazonienne<\/p>\n<p class=\"p1\">[\/et_pb_text][et_pb_text disabled_on=&#8221;on|off|off&#8221; admin_label=&#8221;Title&#8221; _builder_version=&#8221;4.9.0&#8243; text_font=&#8221;Lato||||||||&#8221; text_font_size=&#8221;20px&#8221; text_line_height=&#8221;1.8em&#8221; header_font=&#8221;||||||||&#8221; header_2_font=&#8221;Teko||||||||&#8221; header_2_font_size=&#8221;96px&#8221; text_orientation=&#8221;center&#8221; max_width=&#8221;750px&#8221; module_alignment=&#8221;center&#8221; min_height=&#8221;819px&#8221; custom_margin=&#8221;0px|-8px|||false|false&#8221; custom_padding=&#8221;0px|0px||0px|false|false&#8221; hover_enabled=&#8221;0&#8243; header_2_font_size_tablet=&#8221;66px&#8221; header_2_font_size_phone=&#8221;36px&#8221; header_2_font_size_last_edited=&#8221;on|phone&#8221; inline_fonts=&#8221;Orbitron&#8221; sticky_enabled=&#8221;0&#8243;]<\/p>\n<p>Depuis des ann\u00e9es CESVI s\u2019est engag\u00e9 \u00e0 sauver la For\u00eat Amazonienne, le poumon du monde. Nous travaillons avec les communaut\u00e9s natives afin qu\u2019elles pr\u00e9servent le patrimoine de la plus grande for\u00eat de la plan\u00e8te. D\u2019ici 2030, 27% de l\u2019Amazonie sera sans arbres.<\/p>\n<p>Pour lutter contre ce ph\u00e9nom\u00e8ne, depuis 1989, la fondation CESVI travaille dans le c\u0153ur du poumon de la plan\u00e8te, dans la r\u00e9gion de Madre de Dios, afin d\u2019am\u00e9liorer les conditions de vie des communaut\u00e9s natives et pour assurer la conservation des \u00e9cosyst\u00e8mes et de leurs richesses. Le protagoniste absolu de l\u2019intervention est \u00ab\u00a0la noix du br\u00e9sil\u00a0\u00bb, un arbre s\u00e9culaire qui capture d\u2019\u00e9normes quantit\u00e9s de CO2, consid\u00e9r\u00e9 aussi comme un \u00ab\u00a0super aliment\u00a0\u00bb gr\u00e2ce \u00e0 ses propri\u00e9t\u00e9s nutritionnelles et pour ce motif, recherch\u00e9 sur le march\u00e9.<\/p>\n<p>La Fondation CESVI soutient les associations de cueilleurs afin qu\u2019elles puissent obtenir un juste prix pour la <span>\u00a0<\/span>vente du produit, accompagne les usines de traitement et diffuse des pratiques agroforesti\u00e8res qui pr\u00e9servent l\u2019int\u00e9grit\u00e9 foresti\u00e8re n\u00e9cessaire \u00e0 la survie de l\u2019arbre \u00ab\u00a0noix du br\u00e9sil\u00a0\u00bb. Gr\u00e2ce \u00e0 ces interventions, la Fondation CESVI prot\u00e8ge environ 25.000 hectares de for\u00eat en soutenant le d\u00e9veloppement des communaut\u00e9s natives, contribue \u00e0 g\u00e9n\u00e9rer une importante source de revenu pour les familles autochtones, prot\u00e8ge la For\u00eat et l\u2019\u00e9cosyst\u00e8me entier en absorbant une tr\u00e8s grande quantit\u00e9 d\u2019anhydride carbonique et en contribuant \u00e0 la r\u00e9duction de la pollution.<\/p>\n<p style=\"text-align: left;\">Madal soutient la Fondation CESVI et le programme\u00a0Entreprise amie de l\u2019environnement 2021, en contribuant \u00e0 prot\u00e9ger et \u00e0 planter des arbres \u00ab\u00a0noix du Br\u00e9sil\u00a0\u00bb et en devenant Gardienne de la For\u00eat.<\/p>\n<p>[\/et_pb_text][et_pb_text disabled_on=&#8221;off|on|on&#8221; admin_label=&#8221;Title&#8221; _builder_version=&#8221;4.9.0&#8243; text_font=&#8221;Lato||||||||&#8221; text_font_size=&#8221;20px&#8221; text_line_height=&#8221;1.8em&#8221; header_font=&#8221;||||||||&#8221; header_2_font=&#8221;Teko||||||||&#8221; header_2_font_size=&#8221;96px&#8221; text_orientation=&#8221;center&#8221; width=&#8221;80%&#8221; max_width=&#8221;750px&#8221; module_alignment=&#8221;center&#8221; min_height=&#8221;819px&#8221; custom_margin=&#8221;79px|-8px|||false|false&#8221; custom_padding=&#8221;36px|0px||0px|false|false&#8221; hover_enabled=&#8221;0&#8243; header_2_font_size_tablet=&#8221;66px&#8221; header_2_font_size_phone=&#8221;36px&#8221; header_2_font_size_last_edited=&#8221;on|phone&#8221; inline_fonts=&#8221;Orbitron&#8221; sticky_enabled=&#8221;0&#8243;]<\/p>\n<p>Depuis des ann\u00e9es CESVI s\u2019est engag\u00e9 \u00e0 sauver la For\u00eat Amazonienne, le poumon du monde. Nous travaillons avec les communaut\u00e9s natives afin qu\u2019elles pr\u00e9servent le patrimoine de la plus grande for\u00eat de la plan\u00e8te. D\u2019ici 2030, 27% de l\u2019Amazonie sera sans arbres.<\/p>\n<p>Pour lutter contre ce ph\u00e9nom\u00e8ne, depuis 1989, la fondation CESVI travaille dans le c\u0153ur du poumon de la plan\u00e8te, dans la r\u00e9gion de Madre de Dios, afin d\u2019am\u00e9liorer les conditions de vie des communaut\u00e9s natives et pour assurer la conservation des \u00e9cosyst\u00e8mes et de leurs richesses. Le protagoniste absolu de l\u2019intervention est \u00ab\u00a0la noix du br\u00e9sil\u00a0\u00bb, un arbre s\u00e9culaire qui capture d\u2019\u00e9normes quantit\u00e9s de CO2, consid\u00e9r\u00e9 aussi comme un \u00ab\u00a0super aliment\u00a0\u00bb gr\u00e2ce \u00e0 ses propri\u00e9t\u00e9s nutritionnelles et pour ce motif, recherch\u00e9 sur le march\u00e9.<\/p>\n<p>La Fondation CESVI soutient les associations de cueilleurs afin qu\u2019elles puissent obtenir un juste prix pour la <span>\u00a0<\/span>vente du produit, accompagne les usines de traitement et diffuse des pratiques agroforesti\u00e8res qui pr\u00e9servent l\u2019int\u00e9grit\u00e9 foresti\u00e8re n\u00e9cessaire \u00e0 la survie de l\u2019arbre \u00ab\u00a0noix du br\u00e9sil\u00a0\u00bb. Gr\u00e2ce \u00e0 ces interventions, la Fondation CESVI prot\u00e8ge environ 25.000 hectares de for\u00eat en soutenant le d\u00e9veloppement des communaut\u00e9s natives, contribue \u00e0 g\u00e9n\u00e9rer une importante source de revenu pour les familles autochtones, prot\u00e8ge la For\u00eat et l\u2019\u00e9cosyst\u00e8me entier en absorbant une tr\u00e8s grande quantit\u00e9 d\u2019anhydride carbonique et en contribuant \u00e0 la r\u00e9duction de la pollution.<\/p>\n<p style=\"text-align: left;\">Madal soutient la Fondation CESVI et le programme\u00a0Entreprise amie de l\u2019environnement 2021, en contribuant \u00e0 prot\u00e9ger et \u00e0 planter des arbres \u00ab\u00a0noix du Br\u00e9sil\u00a0\u00bb et en devenant Gardienne de la For\u00eat.<\/p>\n<p>[\/et_pb_text][\/et_pb_column][\/et_pb_row][\/et_pb_section]<\/p>\n","protected":false},"excerpt":{"rendered":"<p>CESVI et le d\u00e9veloppement durable dans la For\u00eat Amazonienne Depuis des ann\u00e9es CESVI s\u2019est engag\u00e9 \u00e0 sauver la For\u00eat Amazonienne, le poumon du monde. Nous travaillons avec les communaut\u00e9s natives afin qu\u2019elles pr\u00e9servent le patrimoine de la plus grande for\u00eat de la plan\u00e8te. D\u2019ici 2030, 27% de l\u2019Amazonie sera sans arbres. Pour lutter contre ce [&hellip;]<\/p>\n","protected":false},"author":1,"featured_media":0,"parent":3914,"menu_order":0,"comment_status":"closed","ping_status":"closed","template":"","meta":{"_et_pb_use_builder":"on","_et_pb_old_content":"","_et_gb_content_width":""},"_links":{"self":[{"href":"https:\/\/oman.madal.it\/fr\/wp-json\/wp\/v2\/pages\/3953"}],"collection":[{"href":"https:\/\/oman.madal.it\/fr\/wp-json\/wp\/v2\/pages"}],"about":[{"href":"https:\/\/oman.madal.it\/fr\/wp-json\/wp\/v2\/types\/page"}],"author":[{"embeddable":true,"href":"https:\/\/oman.madal.it\/fr\/wp-json\/wp\/v2\/users\/1"}],"replies":[{"embeddable":true,"href":"https:\/\/oman.madal.it\/fr\/wp-json\/wp\/v2\/comments?post=3953"}],"version-history":[{"count":4,"href":"https:\/\/oman.madal.it\/fr\/wp-json\/wp\/v2\/pages\/3953\/revisions"}],"predecessor-version":[{"id":4272,"href":"https:\/\/oman.madal.it\/fr\/wp-json\/wp\/v2\/pages\/3953\/revisions\/4272"}],"up":[{"embeddable":true,"href":"https:\/\/oman.madal.it\/fr\/wp-json\/wp\/v2\/pages\/3914"}],"wp:attachment":[{"href":"https:\/\/oman.madal.it\/fr\/wp-json\/wp\/v2\/media?parent=3953"}],"curies":[{"name":"wp","href":"https:\/\/api.w.org\/{rel}","templated":true}]}}