{"id":4384,"date":"2021-02-25T09:20:06","date_gmt":"2021-02-25T08:20:06","guid":{"rendered":"https:\/\/oman.madal.it\/?page_id=4384"},"modified":"2021-02-25T09:30:41","modified_gmt":"2021-02-25T08:30:41","slug":"ecologie","status":"publish","type":"page","link":"https:\/\/oman.madal.it\/fr\/entreprise\/ecologie\/","title":{"rendered":"\u00c9cologie"},"content":{"rendered":"<p>[et_pb_section fb_built=&#8221;1&#8243; custom_padding_last_edited=&#8221;on|tablet&#8221; next_background_color=&#8221;#ffffff&#8221; disabled_on=&#8221;on|off|off&#8221; admin_label=&#8221;Hero&#8221; _builder_version=&#8221;4.9.0&#8243; background_image=&#8221;https:\/\/oman.madal.it\/wp-content\/uploads\/2021\/01\/SLIDE-Sostenibilita\u0300-Zen.jpg&#8221; parallax=&#8221;on&#8221; module_alignment=&#8221;center&#8221; min_height=&#8221;515px&#8221; max_height=&#8221;551px&#8221; custom_margin=&#8221;0px|||&#8221; custom_padding=&#8221;0px|0%|0px|0%|true|true&#8221; custom_padding_tablet=&#8221;|30px||30px||true&#8221; custom_padding_phone=&#8221;|||||true&#8221; bottom_divider_style=&#8221;arrow&#8221; locked=&#8221;off&#8221;][et_pb_row column_structure=&#8221;2_3,1_3&#8243; padding_top_bottom_link_1=&#8221;true&#8221; padding_left_right_link_1=&#8221;true&#8221; _builder_version=&#8221;4.8.1&#8243; background_size=&#8221;initial&#8221; background_position=&#8221;top_left&#8221; width=&#8221;100%&#8221; max_width=&#8221;100%&#8221; custom_margin=&#8221;|||&#8221; custom_padding=&#8221;0||0px||false|false&#8221; use_custom_width=&#8221;on&#8221; width_unit=&#8221;off&#8221; custom_width_percent=&#8221;100%&#8221;][et_pb_column type=&#8221;2_3&#8243; _builder_version=&#8221;4.8.1&#8243; custom_padding=&#8221;12vw|40px|12vw|40px&#8221; custom_padding_tablet=&#8221;|||&#8221; custom_padding_phone=&#8221;|10px||10px||true&#8221; custom_padding_last_edited=&#8221;on|desktop&#8221; padding_phone=&#8221;|10px||10px||true&#8221; padding_tablet=&#8221;|||&#8221; padding_last_edited=&#8221;on|desktop&#8221; custom_padding__hover=&#8221;|||&#8221;][\/et_pb_column][et_pb_column type=&#8221;1_3&#8243; _builder_version=&#8221;4.8.1&#8243; custom_padding=&#8221;12vw|40px|12vw|40px&#8221; custom_padding_tablet=&#8221;|||&#8221; custom_padding_phone=&#8221;|10px||10px||true&#8221; custom_padding_last_edited=&#8221;on|desktop&#8221; padding_phone=&#8221;|10px||10px||true&#8221; padding_tablet=&#8221;|||&#8221; padding_last_edited=&#8221;on|desktop&#8221; custom_padding__hover=&#8221;|||&#8221;][\/et_pb_column][\/et_pb_row][\/et_pb_section][et_pb_section fb_built=&#8221;1&#8243; custom_padding_last_edited=&#8221;on|tablet&#8221; next_background_color=&#8221;#ffffff&#8221; disabled_on=&#8221;off|on|on&#8221; admin_label=&#8221;Hero&#8221; _builder_version=&#8221;4.9.0&#8243; background_image=&#8221;https:\/\/oman.madal.it\/wp-content\/uploads\/2021\/01\/SLIDE-Sostenibilita\u0300-Zen-2.jpg&#8221; module_alignment=&#8221;center&#8221; min_height=&#8221;515px&#8221; max_height=&#8221;551px&#8221; custom_margin=&#8221;0px|||&#8221; custom_padding=&#8221;0px|0%|0px|0%|true|true&#8221; custom_padding_tablet=&#8221;|30px||30px||true&#8221; custom_padding_phone=&#8221;|||||true&#8221; bottom_divider_style=&#8221;arrow&#8221; locked=&#8221;off&#8221;][et_pb_row column_structure=&#8221;2_3,1_3&#8243; padding_top_bottom_link_1=&#8221;true&#8221; padding_left_right_link_1=&#8221;true&#8221; _builder_version=&#8221;4.8.1&#8243; background_size=&#8221;initial&#8221; background_position=&#8221;top_left&#8221; width=&#8221;100%&#8221; max_width=&#8221;100%&#8221; custom_margin=&#8221;|||&#8221; custom_padding=&#8221;0||0px||false|false&#8221; use_custom_width=&#8221;on&#8221; width_unit=&#8221;off&#8221; custom_width_percent=&#8221;100%&#8221;][et_pb_column type=&#8221;2_3&#8243; _builder_version=&#8221;4.8.1&#8243; custom_padding=&#8221;12vw|40px|12vw|40px&#8221; custom_padding_tablet=&#8221;|||&#8221; custom_padding_phone=&#8221;|10px||10px||true&#8221; custom_padding_last_edited=&#8221;on|desktop&#8221; padding_phone=&#8221;|10px||10px||true&#8221; padding_tablet=&#8221;|||&#8221; padding_last_edited=&#8221;on|desktop&#8221; custom_padding__hover=&#8221;|||&#8221;][\/et_pb_column][et_pb_column type=&#8221;1_3&#8243; _builder_version=&#8221;4.8.1&#8243; custom_padding=&#8221;12vw|40px|12vw|40px&#8221; custom_padding_tablet=&#8221;|||&#8221; custom_padding_phone=&#8221;|10px||10px||true&#8221; custom_padding_last_edited=&#8221;on|desktop&#8221; padding_phone=&#8221;|10px||10px||true&#8221; padding_tablet=&#8221;|||&#8221; padding_last_edited=&#8221;on|desktop&#8221; custom_padding__hover=&#8221;|||&#8221;][\/et_pb_column][\/et_pb_row][\/et_pb_section][et_pb_section fb_built=&#8221;1&#8243; admin_label=&#8221;About Us&#8221; _builder_version=&#8221;4.8.1&#8243; custom_padding=&#8221;79px|0px||0px|false|false&#8221; bottom_divider_style=&#8221;arrow&#8221; bottom_divider_color=&#8221;#12876F&#8221;][et_pb_row _builder_version=&#8221;3.25&#8243; max_width=&#8221;960px&#8221; module_alignment=&#8221;center&#8221; use_custom_width=&#8221;on&#8221; custom_width_px=&#8221;960px&#8221; locked=&#8221;off&#8221;][et_pb_column type=&#8221;4_4&#8243; _builder_version=&#8221;3.25&#8243; custom_padding=&#8221;|||&#8221; custom_padding__hover=&#8221;|||&#8221;][et_pb_text admin_label=&#8221;Title&#8221; _builder_version=&#8221;4.9.0&#8243; text_font=&#8221;Orbitron||||||||&#8221; text_font_size=&#8221;27px&#8221; text_line_height=&#8221;1.8em&#8221; header_font=&#8221;Orbitron||||||||&#8221; header_2_font=&#8221;Teko||||||||&#8221; header_2_font_size=&#8221;96px&#8221; width=&#8221;100%&#8221; max_width=&#8221;999px&#8221; module_alignment=&#8221;center&#8221; min_height=&#8221;140px&#8221; height=&#8221;140px&#8221; max_height=&#8221;140px&#8221; custom_margin=&#8221;-41px|||-454px|false|false&#8221; custom_padding=&#8221;80px||1px|0px||&#8221; header_2_font_size_tablet=&#8221;66px&#8221; header_2_font_size_phone=&#8221;36px&#8221; header_2_font_size_last_edited=&#8221;on|phone&#8221; inline_fonts=&#8221;Orbitron&#8221;]<\/p>\n<p class=\"p1\">\u00c9cologie<\/p>\n<p>&nbsp;<\/p>\n<p>[\/et_pb_text][et_pb_text admin_label=&#8221;Title&#8221; _builder_version=&#8221;4.9.0&#8243; text_font=&#8221;Lato||||||||&#8221; text_font_size=&#8221;20px&#8221; text_line_height=&#8221;1.8em&#8221; header_font=&#8221;||||||||&#8221; header_2_font=&#8221;Teko||||||||&#8221; header_2_font_size=&#8221;96px&#8221; text_orientation=&#8221;center&#8221; max_width=&#8221;973px&#8221; module_alignment=&#8221;center&#8221; custom_margin=&#8221;||70px||false|false&#8221; header_2_font_size_tablet=&#8221;66px&#8221; header_2_font_size_phone=&#8221;36px&#8221; header_2_font_size_last_edited=&#8221;on|phone&#8221; inline_fonts=&#8221;Orbitron&#8221;]<\/p>\n<p style=\"text-align: left;\">En coh\u00e9rence avec sa propre philosophie, la soci\u00e9t\u00e9 a mis en \u0153uvre des syst\u00e8mes de qualit\u00e9 et de durabilit\u00e9 environnementale, afin d\u2019optimiser les processus de fabrication, en se concr\u00e9tisant avec la certification environnementale ISO 14001 et avec la r\u00e9alisation d\u2019une ligne de produits avec le symbole ECOLABEL, marque de qualit\u00e9 \u00e9cologique de l\u2019Union Europ\u00e9enne.<\/p>\n<p style=\"text-align: left;\">La production d\u2019un nombre toujours plus important de r\u00e9f\u00e9rences conformes aux C.A.M (Criteri Ambientali Minimi &#8211; D\u00e9cret 24\/05\/2012 et mises \u00e0 jour successives) et l\u2019utilisation de flacons et de bidons en plastique recycl\u00e9 consolident encore plus notre vocation \u00e9cologiste.<\/p>\n<p style=\"text-align: left;\">Ces derni\u00e8res et autres initiatives ont amen\u00e9 \u00e0 la naissance de \u00ab\u00a0Life in Green\u00a0\u00bb (Vie au vert), notre projet pour programmer un parcours de d\u00e9veloppement de l\u2019entreprise toujours plus respectueux de l\u2019environnement.<\/p>\n<p style=\"text-align: left;\">[\/et_pb_text][\/et_pb_column][\/et_pb_row][\/et_pb_section]<\/p>\n","protected":false},"excerpt":{"rendered":"<p>\u00c9cologie &nbsp;En coh\u00e9rence avec sa propre philosophie, la soci\u00e9t\u00e9 a mis en \u0153uvre des syst\u00e8mes de qualit\u00e9 et de durabilit\u00e9 environnementale, afin d\u2019optimiser les processus de fabrication, en se concr\u00e9tisant avec la certification environnementale ISO 14001 et avec la r\u00e9alisation d\u2019une ligne de produits avec le symbole ECOLABEL, marque de qualit\u00e9 \u00e9cologique de l\u2019Union Europ\u00e9enne. [&hellip;]<\/p>\n","protected":false},"author":1,"featured_media":0,"parent":3910,"menu_order":0,"comment_status":"closed","ping_status":"closed","template":"","meta":{"_et_pb_use_builder":"on","_et_pb_old_content":"","_et_gb_content_width":""},"_links":{"self":[{"href":"https:\/\/oman.madal.it\/fr\/wp-json\/wp\/v2\/pages\/4384"}],"collection":[{"href":"https:\/\/oman.madal.it\/fr\/wp-json\/wp\/v2\/pages"}],"about":[{"href":"https:\/\/oman.madal.it\/fr\/wp-json\/wp\/v2\/types\/page"}],"author":[{"embeddable":true,"href":"https:\/\/oman.madal.it\/fr\/wp-json\/wp\/v2\/users\/1"}],"replies":[{"embeddable":true,"href":"https:\/\/oman.madal.it\/fr\/wp-json\/wp\/v2\/comments?post=4384"}],"version-history":[{"count":7,"href":"https:\/\/oman.madal.it\/fr\/wp-json\/wp\/v2\/pages\/4384\/revisions"}],"predecessor-version":[{"id":4400,"href":"https:\/\/oman.madal.it\/fr\/wp-json\/wp\/v2\/pages\/4384\/revisions\/4400"}],"up":[{"embeddable":true,"href":"https:\/\/oman.madal.it\/fr\/wp-json\/wp\/v2\/pages\/3910"}],"wp:attachment":[{"href":"https:\/\/oman.madal.it\/fr\/wp-json\/wp\/v2\/media?parent=4384"}],"curies":[{"name":"wp","href":"https:\/\/api.w.org\/{rel}","templated":true}]}}