{"id":4401,"date":"2020-12-11T16:56:53","date_gmt":"2020-12-11T15:56:53","guid":{"rendered":"https:\/\/oman.madal.it\/entreprise\/qualita\/"},"modified":"2021-02-25T09:36:08","modified_gmt":"2021-02-25T08:36:08","slug":"qualite","status":"publish","type":"page","link":"https:\/\/oman.madal.it\/fr\/entreprise\/qualite\/","title":{"rendered":"Qualit\u00e9"},"content":{"rendered":"\n[et_pb_section fb_built=&#8221;1&#8243; custom_padding_last_edited=&#8221;on|tablet&#8221; next_background_color=&#8221;#ffffff&#8221; admin_label=&#8221;Hero&#8221; _builder_version=&#8221;4.8.2&#8243; use_background_color_gradient=&#8221;on&#8221; background_color_gradient_start=&#8221;rgba(27,31,37,0)&#8221; background_color_gradient_end=&#8221;rgba(25,25,38,0.6)&#8221; background_color_gradient_direction=&#8221;179deg&#8221; background_color_gradient_overlays_image=&#8221;on&#8221; background_image=&#8221;https:\/\/oman.madal.it\/wp-content\/uploads\/2021\/02\/Slides-STRETTE-Qualita-scaled.jpg&#8221; background_position=&#8221;top_center&#8221; module_alignment=&#8221;center&#8221; min_height=&#8221;515px&#8221; max_height=&#8221;551px&#8221; custom_margin=&#8221;0px|||&#8221; custom_padding=&#8221;0px|0%|0px|0%|true|true&#8221; custom_padding_tablet=&#8221;|30px||30px||true&#8221; custom_padding_phone=&#8221;|||||true&#8221; bottom_divider_style=&#8221;arrow&#8221; locked=&#8221;off&#8221;][et_pb_row column_structure=&#8221;2_3,1_3&#8243; padding_top_bottom_link_1=&#8221;true&#8221; padding_left_right_link_1=&#8221;true&#8221; _builder_version=&#8221;4.9.0&#8243; background_size=&#8221;initial&#8221; background_position=&#8221;top_left&#8221; width=&#8221;100%&#8221; max_width=&#8221;100%&#8221; min_height=&#8221;565px&#8221; custom_margin=&#8221;|||&#8221; custom_padding=&#8221;0||0px||false|false&#8221; use_custom_width=&#8221;on&#8221; width_unit=&#8221;off&#8221; custom_width_percent=&#8221;100%&#8221;][et_pb_column type=&#8221;2_3&#8243; _builder_version=&#8221;4.8.2&#8243; use_background_color_gradient=&#8221;on&#8221; background_color_gradient_start=&#8221;rgba(224,224,224,0)&#8221; background_color_gradient_end=&#8221;rgba(255,255,255,0)&#8221; custom_padding=&#8221;12vw|40px|12vw|40px&#8221; custom_padding_tablet=&#8221;|||&#8221; custom_padding_phone=&#8221;|10px||10px||true&#8221; custom_padding_last_edited=&#8221;on|desktop&#8221; padding_phone=&#8221;|10px||10px||true&#8221; padding_tablet=&#8221;|||&#8221; padding_last_edited=&#8221;on|desktop&#8221; custom_padding__hover=&#8221;|||&#8221;][\/et_pb_column][et_pb_column type=&#8221;1_3&#8243; _builder_version=&#8221;4.8.2&#8243; use_background_color_gradient=&#8221;on&#8221; background_color_gradient_start=&#8221;rgba(0,0,0,0)&#8221; background_color_gradient_end=&#8221;rgba(255,255,255,0)&#8221; custom_padding=&#8221;12vw|40px|12vw|40px&#8221; custom_padding_tablet=&#8221;|||&#8221; custom_padding_phone=&#8221;|10px||10px||true&#8221; custom_padding_last_edited=&#8221;on|desktop&#8221; padding_phone=&#8221;|10px||10px||true&#8221; padding_tablet=&#8221;|||&#8221; padding_last_edited=&#8221;on|desktop&#8221; custom_padding__hover=&#8221;|||&#8221;][\/et_pb_column][\/et_pb_row][\/et_pb_section][et_pb_section fb_built=&#8221;1&#8243; admin_label=&#8221;About Us&#8221; _builder_version=&#8221;4.8.1&#8243; custom_padding=&#8221;79px|0px||0px|false|false&#8221; bottom_divider_style=&#8221;arrow&#8221; bottom_divider_color=&#8221;#0DA0C5&#8243;][et_pb_row _builder_version=&#8221;3.25&#8243; max_width=&#8221;960px&#8221; module_alignment=&#8221;center&#8221; custom_padding=&#8221;0px|||||&#8221; use_custom_width=&#8221;on&#8221; custom_width_px=&#8221;960px&#8221; locked=&#8221;off&#8221;][et_pb_column type=&#8221;4_4&#8243; _builder_version=&#8221;3.25&#8243; custom_padding=&#8221;|||&#8221; custom_padding__hover=&#8221;|||&#8221;][et_pb_text admin_label=&#8221;Title&#8221; _builder_version=&#8221;4.8.2&#8243; text_font=&#8221;Orbitron||||||||&#8221; text_font_size=&#8221;27px&#8221; text_line_height=&#8221;1.8em&#8221; header_font=&#8221;Orbitron||||||||&#8221; header_2_font=&#8221;Teko||||||||&#8221; header_2_font_size=&#8221;96px&#8221; width=&#8221;100%&#8221; max_width=&#8221;999px&#8221; module_alignment=&#8221;center&#8221; min_height=&#8221;140px&#8221; height=&#8221;140px&#8221; max_height=&#8221;140px&#8221; custom_margin=&#8221;-41px|||-454px|false|false&#8221; custom_padding=&#8221;80px||1px|0px||&#8221; header_2_font_size_tablet=&#8221;66px&#8221; header_2_font_size_phone=&#8221;36px&#8221; header_2_font_size_last_edited=&#8221;on|phone&#8221; inline_fonts=&#8221;Orbitron&#8221;]<p class=\"p1\">Qualit\u00e9<\/p>\n<p>&nbsp;<\/p>[\/et_pb_text][et_pb_text admin_label=&#8221;Title&#8221; _builder_version=&#8221;4.9.0&#8243; text_font=&#8221;Lato||||||||&#8221; text_font_size=&#8221;20px&#8221; text_line_height=&#8221;1.8em&#8221; header_font=&#8221;||||||||&#8221; header_2_font=&#8221;Teko||||||||&#8221; header_2_font_size=&#8221;96px&#8221; text_orientation=&#8221;center&#8221; max_width=&#8221;973px&#8221; module_alignment=&#8221;center&#8221; custom_margin=&#8221;||70px|-126px|false|false&#8221; custom_padding=&#8221;|||9px||&#8221; hover_enabled=&#8221;0&#8243; header_2_font_size_tablet=&#8221;66px&#8221; header_2_font_size_phone=&#8221;36px&#8221; header_2_font_size_last_edited=&#8221;on|phone&#8221; inline_fonts=&#8221;Orbitron&#8221; sticky_enabled=&#8221;0&#8243;]<p style=\"text-align: left;\">La soci\u00e9t\u00e9 adopte un Syst\u00e8me de Gestion Qualit\u00e9 et Environnement conforme aux normes ISO 9001 et ISO14001 en d\u00e9terminant avec un fort engagement, que ce soit d\u2019un point de vue strat\u00e9gique qu\u2019op\u00e9rationnel, l\u2019adh\u00e9sion absolue aux principes sur lesquels elle se base.<\/p>\n<p style=\"text-align: left;\">Gr\u00e2ce aussi aux certifications, l\u2019entreprise vise \u00e0 garantir le fonctionnement efficace de ses propres processus et du respect des normes requises, convaincue qu\u2019une strat\u00e9gie \u00e9conomique responsable, tourn\u00e9e vers les probl\u00e9matiques \u00e9cologiques r\u00e9sultant de ses activit\u00e9s, soit fondamentale pour le succ\u00e8s de l\u2019activit\u00e9 effectu\u00e9e.<\/p>\n<p style=\"text-align: left;\">Une attention particuli\u00e8re est port\u00e9e \u00e0 la qualit\u00e9 des produits et des services, \u00e0 la rentabilit\u00e9, \u00e0 la durabilit\u00e9 environnementale, \u00e0 la protection de la sant\u00e9 et de la s\u00e9curit\u00e9 de tout le personnel qui travaille sous le contr\u00f4le de l\u2019organisation.<\/p>\n<p>&nbsp;<\/p>[\/et_pb_text][\/et_pb_column][\/et_pb_row][\/et_pb_section]\n","protected":false},"excerpt":{"rendered":"<p>Qualit\u00e9 &nbsp;La soci\u00e9t\u00e9 adopte un Syst\u00e8me de Gestion Qualit\u00e9 et Environnement conforme aux normes ISO 9001 et ISO14001 en d\u00e9terminant avec un fort engagement, que ce soit d\u2019un point de vue strat\u00e9gique qu\u2019op\u00e9rationnel, l\u2019adh\u00e9sion absolue aux principes sur lesquels elle se base. Gr\u00e2ce aussi aux certifications, l\u2019entreprise vise \u00e0 garantir le fonctionnement efficace de ses [&hellip;]<\/p>\n","protected":false},"author":1,"featured_media":0,"parent":3910,"menu_order":0,"comment_status":"closed","ping_status":"closed","template":"","meta":{"_et_pb_use_builder":"on","_et_pb_old_content":"","_et_gb_content_width":""},"_links":{"self":[{"href":"https:\/\/oman.madal.it\/fr\/wp-json\/wp\/v2\/pages\/4401"}],"collection":[{"href":"https:\/\/oman.madal.it\/fr\/wp-json\/wp\/v2\/pages"}],"about":[{"href":"https:\/\/oman.madal.it\/fr\/wp-json\/wp\/v2\/types\/page"}],"author":[{"embeddable":true,"href":"https:\/\/oman.madal.it\/fr\/wp-json\/wp\/v2\/users\/1"}],"replies":[{"embeddable":true,"href":"https:\/\/oman.madal.it\/fr\/wp-json\/wp\/v2\/comments?post=4401"}],"version-history":[{"count":3,"href":"https:\/\/oman.madal.it\/fr\/wp-json\/wp\/v2\/pages\/4401\/revisions"}],"predecessor-version":[{"id":4405,"href":"https:\/\/oman.madal.it\/fr\/wp-json\/wp\/v2\/pages\/4401\/revisions\/4405"}],"up":[{"embeddable":true,"href":"https:\/\/oman.madal.it\/fr\/wp-json\/wp\/v2\/pages\/3910"}],"wp:attachment":[{"href":"https:\/\/oman.madal.it\/fr\/wp-json\/wp\/v2\/media?parent=4401"}],"curies":[{"name":"wp","href":"https:\/\/api.w.org\/{rel}","templated":true}]}}