{"id":1654,"date":"2021-01-22T17:16:05","date_gmt":"2021-01-22T16:16:05","guid":{"rendered":"https:\/\/oman.madal.it\/?page_id=1654"},"modified":"2021-02-17T16:04:35","modified_gmt":"2021-02-17T15:04:35","slug":"amref","status":"publish","type":"page","link":"https:\/\/oman.madal.it\/it\/sostenibilita\/responsabilita-sociale\/amref\/","title":{"rendered":"Amref"},"content":{"rendered":"<p>[et_pb_section fb_built=&#8221;1&#8243; custom_padding_last_edited=&#8221;on|tablet&#8221; next_background_color=&#8221;#ffffff&#8221; disabled_on=&#8221;on|off|off&#8221; admin_label=&#8221;Hero&#8221; _builder_version=&#8221;4.8.2&#8243; background_image=&#8221;https:\/\/oman.madal.it\/wp-content\/uploads\/2021\/01\/SLIDE-Sostenibilita\u0300-People.jpg&#8221; parallax=&#8221;on&#8221; module_alignment=&#8221;center&#8221; min_height=&#8221;572px&#8221; custom_margin=&#8221;0px|||&#8221; custom_padding=&#8221;0px|0%|0px|0%|true|true&#8221; custom_padding_tablet=&#8221;|30px||30px||true&#8221; custom_padding_phone=&#8221;|||||true&#8221; bottom_divider_style=&#8221;arrow&#8221; locked=&#8221;off&#8221;][et_pb_row column_structure=&#8221;2_3,1_3&#8243; padding_top_bottom_link_1=&#8221;true&#8221; padding_left_right_link_1=&#8221;true&#8221; _builder_version=&#8221;4.8.2&#8243; background_color=&#8221;rgba(0,0,0,0)&#8221; use_background_color_gradient=&#8221;on&#8221; background_color_gradient_start=&#8221;rgba(216,216,216,0)&#8221; background_color_gradient_end=&#8221;rgba(255,255,255,0)&#8221; background_size=&#8221;initial&#8221; background_position=&#8221;top_left&#8221; width=&#8221;100%&#8221; max_width=&#8221;100%&#8221; min_height=&#8221;562px&#8221; height=&#8221;433px&#8221; max_height=&#8221;516px&#8221; custom_margin=&#8221;|||&#8221; custom_padding=&#8221;0||7px|368px|false|false&#8221; use_custom_width=&#8221;on&#8221; width_unit=&#8221;off&#8221; custom_width_percent=&#8221;100%&#8221;][et_pb_column type=&#8221;2_3&#8243; _builder_version=&#8221;4.8.1&#8243; custom_padding=&#8221;12vw|40px|12vw|40px&#8221; custom_padding_tablet=&#8221;|||&#8221; custom_padding_phone=&#8221;|10px||10px||true&#8221; custom_padding_last_edited=&#8221;on|desktop&#8221; padding_phone=&#8221;|10px||10px||true&#8221; padding_tablet=&#8221;|||&#8221; padding_last_edited=&#8221;on|desktop&#8221; custom_padding__hover=&#8221;|||&#8221;][et_pb_text _builder_version=&#8221;4.8.2&#8243; _module_preset=&#8221;default&#8221;][\/et_pb_text][\/et_pb_column][et_pb_column type=&#8221;1_3&#8243; _builder_version=&#8221;4.8.1&#8243; custom_padding=&#8221;12vw|40px|12vw|40px&#8221; custom_padding_tablet=&#8221;|||&#8221; custom_padding_phone=&#8221;|10px||10px||true&#8221; custom_padding_last_edited=&#8221;on|desktop&#8221; padding_phone=&#8221;|10px||10px||true&#8221; padding_tablet=&#8221;|||&#8221; padding_last_edited=&#8221;on|desktop&#8221; custom_padding__hover=&#8221;|||&#8221;][\/et_pb_column][\/et_pb_row][\/et_pb_section][et_pb_section fb_built=&#8221;1&#8243; custom_padding_last_edited=&#8221;on|tablet&#8221; next_background_color=&#8221;#ffffff&#8221; disabled_on=&#8221;off|on|on&#8221; admin_label=&#8221;Hero&#8221; _builder_version=&#8221;4.8.2&#8243; background_image=&#8221;https:\/\/oman.madal.it\/wp-content\/uploads\/2021\/01\/SLIDE-Sostenibilita\u0300-People.jpg&#8221; module_alignment=&#8221;center&#8221; min_height=&#8221;572px&#8221; custom_margin=&#8221;0px|||&#8221; custom_padding=&#8221;0px|0%|0px|0%|true|true&#8221; custom_padding_tablet=&#8221;|30px||30px||true&#8221; custom_padding_phone=&#8221;|||||true&#8221; bottom_divider_style=&#8221;arrow&#8221; locked=&#8221;off&#8221;][et_pb_row column_structure=&#8221;2_3,1_3&#8243; padding_top_bottom_link_1=&#8221;true&#8221; padding_left_right_link_1=&#8221;true&#8221; _builder_version=&#8221;4.8.2&#8243; background_color=&#8221;rgba(0,0,0,0)&#8221; use_background_color_gradient=&#8221;on&#8221; background_color_gradient_start=&#8221;rgba(216,216,216,0)&#8221; background_color_gradient_end=&#8221;rgba(255,255,255,0)&#8221; background_size=&#8221;initial&#8221; background_position=&#8221;top_left&#8221; width=&#8221;100%&#8221; max_width=&#8221;100%&#8221; min_height=&#8221;562px&#8221; height=&#8221;433px&#8221; max_height=&#8221;516px&#8221; custom_margin=&#8221;|||&#8221; custom_padding=&#8221;||||false|false&#8221; use_custom_width=&#8221;on&#8221; width_unit=&#8221;off&#8221; custom_width_percent=&#8221;100%&#8221;][et_pb_column type=&#8221;2_3&#8243; _builder_version=&#8221;4.8.1&#8243; custom_padding=&#8221;12vw|40px|12vw|40px&#8221; custom_padding_tablet=&#8221;|||&#8221; custom_padding_phone=&#8221;|10px||10px||true&#8221; custom_padding_last_edited=&#8221;on|desktop&#8221; padding_phone=&#8221;|10px||10px||true&#8221; padding_tablet=&#8221;|||&#8221; padding_last_edited=&#8221;on|desktop&#8221; custom_padding__hover=&#8221;|||&#8221;][et_pb_text _builder_version=&#8221;4.8.2&#8243; _module_preset=&#8221;default&#8221; text_orientation=&#8221;right&#8221;][\/et_pb_text][\/et_pb_column][et_pb_column type=&#8221;1_3&#8243; _builder_version=&#8221;4.8.1&#8243; custom_padding=&#8221;12vw|40px|12vw|40px&#8221; custom_padding_tablet=&#8221;|||&#8221; custom_padding_phone=&#8221;|10px||10px||true&#8221; custom_padding_last_edited=&#8221;on|desktop&#8221; padding_phone=&#8221;|10px||10px||true&#8221; padding_tablet=&#8221;|||&#8221; padding_last_edited=&#8221;on|desktop&#8221; custom_padding__hover=&#8221;|||&#8221;][\/et_pb_column][\/et_pb_row][\/et_pb_section][et_pb_section fb_built=&#8221;1&#8243; disabled_on=&#8221;on|off|off&#8221; admin_label=&#8221;About Us&#8221; _builder_version=&#8221;4.8.2&#8243; background_color=&#8221;#ffffff&#8221; use_background_color_gradient=&#8221;on&#8221; background_color_gradient_start=&#8221;#ffffff&#8221; background_color_gradient_end=&#8221;rgba(255,255,255,0.66)&#8221; background_color_gradient_type=&#8221;radial&#8221; background_color_gradient_direction_radial=&#8221;top&#8221; background_color_gradient_start_position=&#8221;15%&#8221; background_color_gradient_overlays_image=&#8221;on&#8221; background_image=&#8221;https:\/\/oman.madal.it\/wp-content\/uploads\/2020\/11\/fondo-provetta-cat-generale-scaled.jpg&#8221; custom_margin=&#8221;||||false|false&#8221; custom_padding=&#8221;0px|0px|0px|0px|false|false&#8221; bottom_divider_style=&#8221;arrow&#8221; bottom_divider_color=&#8221;#0DA0C5&#8243; bottom_divider_height=&#8221;100px&#8221;][et_pb_row column_structure=&#8221;1_4,3_4&#8243; _builder_version=&#8221;4.8.2&#8243; width=&#8221;98%&#8221; max_width=&#8221;1125px&#8221; module_alignment=&#8221;center&#8221; min_height=&#8221;1593px&#8221; custom_margin=&#8221;70px|-2px|-7px|-104px|false|false&#8221; custom_padding=&#8221;0px||0px|0px|false|false&#8221; use_custom_width=&#8221;on&#8221; custom_width_px=&#8221;960px&#8221; locked=&#8221;off&#8221;][et_pb_column type=&#8221;1_4&#8243; _builder_version=&#8221;3.25&#8243; custom_padding=&#8221;|||&#8221; custom_padding__hover=&#8221;|||&#8221;][et_pb_button button_url=&#8221;https:\/\/www.amref.it\/&#8221; url_new_window=&#8221;on&#8221; button_text=&#8221;www.amref.it&#8221; button_alignment_tablet=&#8221;&#8221; button_alignment_phone=&#8221;center&#8221; button_alignment_last_edited=&#8221;on|phone&#8221; _builder_version=&#8221;4.8.2&#8243; _module_preset=&#8221;default&#8221; custom_button=&#8221;on&#8221; button_text_color=&#8221;#FFFFFF&#8221; button_bg_color=&#8221;#E02B20&#8243; button_border_width=&#8221;0px&#8221; custom_margin=&#8221;118px|12px||34px|false|false&#8221; custom_margin_tablet=&#8221;&#8221; custom_margin_phone=&#8221;118px|0px||0px|false|false&#8221; custom_margin_last_edited=&#8221;on|desktop&#8221; custom_padding=&#8221;|30px||30px|false|true&#8221;][\/et_pb_button][et_pb_image src=&#8221;https:\/\/oman.madal.it\/wp-content\/uploads\/2021\/01\/Logo-Amref.png&#8221; title_text=&#8221;Logo Amref&#8221; _builder_version=&#8221;4.8.2&#8243; _module_preset=&#8221;default&#8221; width=&#8221;99.9%&#8221; custom_margin=&#8221;20px||||false|false&#8221;][\/et_pb_image][et_pb_image src=&#8221;https:\/\/oman.madal.it\/wp-content\/uploads\/2021\/01\/AMREF-AFRICA.png&#8221; title_text=&#8221;AMREF-AFRICA&#8221; _builder_version=&#8221;4.8.2&#8243; _module_preset=&#8221;default&#8221; width=&#8221;99.9%&#8221; custom_padding=&#8221;92px||92px||true|&#8221;][\/et_pb_image][\/et_pb_column][et_pb_column type=&#8221;3_4&#8243; _builder_version=&#8221;3.25&#8243; custom_padding=&#8221;|||&#8221; custom_padding__hover=&#8221;|||&#8221;][et_pb_text admin_label=&#8221;Title&#8221; _builder_version=&#8221;4.8.2&#8243; text_font=&#8221;Orbitron||||||||&#8221; text_font_size=&#8221;27px&#8221; text_line_height=&#8221;1.8em&#8221; header_font=&#8221;Orbitron||||||||&#8221; header_2_font=&#8221;Teko||||||||&#8221; header_2_font_size=&#8221;96px&#8221; width=&#8221;100%&#8221; max_width=&#8221;999px&#8221; module_alignment=&#8221;center&#8221; min_height=&#8221;100px&#8221; height=&#8221;100px&#8221; max_height=&#8221;100px&#8221; custom_margin=&#8221;120px||-26px|0px|false|false&#8221; custom_padding=&#8221;0px||0px|0px|false|false&#8221; header_2_font_size_tablet=&#8221;66px&#8221; header_2_font_size_phone=&#8221;36px&#8221; header_2_font_size_last_edited=&#8221;on|phone&#8221; inline_fonts=&#8221;Orbitron&#8221;]<\/p>\n<p class=\"p1\">L\u2019impegno di Madal per i giovani e il diritto alla salute nel Continente Africano.<\/p>\n<p>&nbsp;<\/p>\n<p>[\/et_pb_text][et_pb_text disabled_on=&#8221;on|off|off&#8221; admin_label=&#8221;Title&#8221; _builder_version=&#8221;4.8.2&#8243; text_font=&#8221;Lato||||||||&#8221; text_font_size=&#8221;18px&#8221; text_line_height=&#8221;1.8em&#8221; ul_line_height=&#8221;1.8em&#8221; header_font=&#8221;Lato||||||||&#8221; header_2_font=&#8221;Teko||||||||&#8221; header_2_font_size=&#8221;96px&#8221; width=&#8221;100%&#8221; max_width=&#8221;999px&#8221; module_alignment=&#8221;center&#8221; min_height=&#8221;1000px&#8221; height=&#8221;1000px&#8221; max_height=&#8221;1000px&#8221; custom_margin=&#8221;0px|||-359px|false|false&#8221; custom_padding=&#8221;43px||0px|0px||&#8221; header_2_font_size_tablet=&#8221;66px&#8221; header_2_font_size_phone=&#8221;36px&#8221; header_2_font_size_last_edited=&#8221;on|phone&#8221; inline_fonts=&#8221;Orbitron&#8221;]<\/p>\n<p><span style=\"font-size: 18px;\">Non aiutiamo i ragazzi perch\u00e9 sono deboli, li aiutiamo perch\u00e9 sono la forza e la speranza di un intero continente.\u00a0\u00c8 questo lo spirito con cui Madal sostiene Amref Health Africa, la pi\u00f9 grande organizzazione sanitaria no profit presente in Africa, nella realizzazione del Progetto \u201cChild in Need\u201d, in Kenya.\u00a0Con il suo sostegno, Madal sosterr\u00e0 la formazione di 5 leader mentori dei giovani nella formazione medica e di 20 operatori sanitari, focalizzati sull\u2019offerta di servizi preventivi, curativi e di promozione di salute per gli adolescenti.\u00a0<\/span><\/p>\n<p><span style=\"font-size: 18px;\">L&#8217;intervento \u00e8 rivolto infatti alla fascia d\u2019et\u00e0 degli adolescenti che \u00e8 fondamentale per la prevenzione delle malattie, ma spesso le condizioni di povert\u00e0, di scarso accesso a informazioni, e l&#8217;inadeguatezza della formazione di molti operatori sanitari sui servizi per gli adolescenti, si ripercuote sulla conoscenza e quindi la domanda di servizi di salute.\u00a0Amref Health Africa ha avviato interventi di tutela dell\u2019infanzia in Kenya nel 2000 per rispondere alla crescita esponenziale di bambini di strada nell\u2019area di Dagoretti, periferia di Nairobi, che ospita 17 slums che, al tempo, vedevano la presenza di circa 11.500 bambini di strada (Amref baseline survey, 2001).\u00a0<\/span><span style=\"font-size: 18px;\">Per rispondere ai bisogni di questi bambini e ragazzi, Amref ha sviluppato e implementato\u00a0l\u2019approccio di base comunitaria di tutela dei bambini delle cosiddette \u00ab4 R\u00bb, ossia Recupero, Riabilitazione, Ri-socializzazione e Reintegrazione, con l\u2019obiettivo di migliorare lo stato di salute e benessere dei bambini di Dagoretti.\u00a0<\/span><\/p>\n<p><span style=\"font-size: 18px;\">Dal 2020 Amref ha inoltre sviluppato un nuovo approccio \u201cFamily-Community Centered\u201d, con l\u2019obiettivo di coinvolgere e rafforzare le famiglie, le comunit\u00e0 e le reti di protezione per l\u2019infanzia lavorando e coinvolgendo le autorit\u00e0 locali, i gruppi della societ\u00e0 civile e i membri della comunit\u00e0, includendo i bambini.\u00a0Questo approccio ha mostrato come le misure proattive prese a livello comunitario svolgano un ruolo cruciale nel garantire la sicurezza dei bambini e degli adolescenti e ha dimostrato di essere uno dei mezzi pi\u00f9 efficaci.\u00a0<\/span><span style=\"font-size: 18px;\">Visto quindi il crescente bisogno di implementare interventi sostenibili per le famiglie e i bambini di Dagoretti, il progetto si focalizzer\u00e0 su:<\/span><\/p>\n<ul>\n<li style=\"text-align: left;\">\u00a0Costruzione delle capacit\u00e0 necessarie da parte delle famiglie e delle comunit\u00e0 per rispondere alla violenza e agli abusi sui bambini;<\/li>\n<li style=\"text-align: left;\">Rafforzamento delle famiglie nelle loro abilit\u00e0 di fornire supporto psicosociale, riconciliazione e reintegrazione dei bambini in stato di bisogno e di protezione;<\/li>\n<li style=\"text-align: left;\">Promozione di attivit\u00e0 generatrici di reddito per le famiglie target;<\/li>\n<li style=\"text-align: left;\">Promozione della salute sessuale riproduttiva degli adolescenti coinvolti nel progetto.<\/li>\n<\/ul>\n<p>&nbsp;<\/p>\n<p>&nbsp;<\/p>\n<p>&nbsp;<\/p>\n<p>&nbsp;<\/p>\n<p>[\/et_pb_text][\/et_pb_column][\/et_pb_row][\/et_pb_section][et_pb_section fb_built=&#8221;1&#8243; disabled_on=&#8221;off|on|on&#8221; admin_label=&#8221;About Us&#8221; _builder_version=&#8221;4.8.2&#8243; background_color=&#8221;#ffffff&#8221; use_background_color_gradient=&#8221;on&#8221; background_color_gradient_start=&#8221;#ffffff&#8221; background_color_gradient_end=&#8221;rgba(255,255,255,0.66)&#8221; background_color_gradient_type=&#8221;radial&#8221; background_color_gradient_direction_radial=&#8221;top&#8221; background_color_gradient_start_position=&#8221;15%&#8221; background_color_gradient_overlays_image=&#8221;on&#8221; background_image=&#8221;https:\/\/oman.madal.it\/wp-content\/uploads\/2020\/11\/fondo-provetta-cat-generale-scaled.jpg&#8221; custom_padding=&#8221;|0px|||false|false&#8221; bottom_divider_style=&#8221;arrow&#8221; bottom_divider_color=&#8221;#0DA0C5&#8243;][et_pb_row column_structure=&#8221;1_4,3_4&#8243; _builder_version=&#8221;4.8.2&#8243; module_alignment=&#8221;center&#8221; custom_margin=&#8221;1px|auto||auto|false|false&#8221; custom_padding=&#8221;0px||0px|0px|false|false&#8221; use_custom_width=&#8221;on&#8221; custom_width_px=&#8221;960px&#8221; locked=&#8221;off&#8221;][et_pb_column type=&#8221;1_4&#8243; _builder_version=&#8221;3.25&#8243; custom_padding=&#8221;|||&#8221; custom_padding__hover=&#8221;|||&#8221;][et_pb_button button_url=&#8221;https:\/\/www.amref.it\/&#8221; url_new_window=&#8221;on&#8221; button_text=&#8221;www.amref.it&#8221; button_alignment_tablet=&#8221;&#8221; button_alignment_phone=&#8221;center&#8221; button_alignment_last_edited=&#8221;on|phone&#8221; _builder_version=&#8221;4.8.2&#8243; _module_preset=&#8221;default&#8221; custom_button=&#8221;on&#8221; button_text_color=&#8221;#FFFFFF&#8221; button_bg_color=&#8221;#E02B20&#8243; button_border_width=&#8221;0px&#8221; custom_margin=&#8221;118px|12px||34px|false|false&#8221; custom_margin_tablet=&#8221;&#8221; custom_margin_phone=&#8221;1px|0px||0px|false|false&#8221; custom_margin_last_edited=&#8221;on|desktop&#8221; custom_padding=&#8221;|30px||30px|false|true&#8221;][\/et_pb_button][et_pb_image src=&#8221;https:\/\/oman.madal.it\/wp-content\/uploads\/2021\/01\/Logo-Amref.png&#8221; title_text=&#8221;Logo Amref&#8221; _builder_version=&#8221;4.8.2&#8243; _module_preset=&#8221;default&#8221; width=&#8221;99.9%&#8221; custom_margin=&#8221;20px||||false|false&#8221;][\/et_pb_image][et_pb_image src=&#8221;https:\/\/oman.madal.it\/wp-content\/uploads\/2021\/01\/AMREF-AFRICA.png&#8221; title_text=&#8221;AMREF-AFRICA&#8221; _builder_version=&#8221;4.8.2&#8243; _module_preset=&#8221;default&#8221; width=&#8221;99.9%&#8221; custom_padding=&#8221;||||true|false&#8221;][\/et_pb_image][\/et_pb_column][et_pb_column type=&#8221;3_4&#8243; _builder_version=&#8221;3.25&#8243; custom_padding=&#8221;|||&#8221; custom_padding__hover=&#8221;|||&#8221;][et_pb_text disabled_on=&#8221;off|on|on&#8221; admin_label=&#8221;Title&#8221; _builder_version=&#8221;4.8.2&#8243; text_font=&#8221;Lato||||||||&#8221; text_font_size=&#8221;18px&#8221; text_line_height=&#8221;1.8em&#8221; header_font=&#8221;Lato||||||||&#8221; header_2_font=&#8221;Teko||||||||&#8221; header_2_font_size=&#8221;96px&#8221; width=&#8221;80%&#8221; max_width=&#8221;999px&#8221; module_alignment=&#8221;center&#8221; height_tablet=&#8221;&#8221; height_phone=&#8221;&#8221; height_last_edited=&#8221;on|phone&#8221; custom_margin=&#8221;||||false|false&#8221; custom_padding=&#8221;|||0px|false|false&#8221; header_2_font_size_tablet=&#8221;66px&#8221; header_2_font_size_phone=&#8221;36px&#8221; header_2_font_size_last_edited=&#8221;on|phone&#8221; inline_fonts=&#8221;Orbitron&#8221;]<\/p>\n<p style=\"text-align: left;\">L\u2019impegno di Madal per i giovani e il diritto alla salute nel Continente Africano.<\/p>\n<p>&nbsp;<\/p>\n<p>Non aiutiamo i ragazzi perch\u00e9 sono deboli, li aiutiamo perch\u00e9 sono la forza e la speranza di un intero continente.\u00a0\u00c8 questo lo spirito con cui Madal sostiene Amref Health Africa, la pi\u00f9 grande organizzazione sanitaria no profit presente in Africa, nella realizzazione del Progetto \u201cChild in Need\u201d, in Kenya.\u00a0Con il suo sostegno, Madal sosterr\u00e0 la formazione di 5 leader mentori dei giovani nella formazione medica e di 20 operatori sanitari, focalizzati sull\u2019offerta di servizi preventivi, curativi e di promozione di salute per gli adolescenti.\u00a0L&#8217;intervento \u00e8 rivolto infatti alla fascia d\u2019et\u00e0 degli adolescenti che \u00e8 fondamentale per la prevenzione delle malattie, ma spesso le condizioni di povert\u00e0, di scarso accesso a informazioni, e l&#8217;inadeguatezza della formazione di molti operatori sanitari sui servizi per gli adolescenti, si ripercuote sulla conoscenza e quindi la domanda di servizi di salute.\u00a0Amref Health Africa ha avviato interventi di tutela dell\u2019infanzia in Kenya nel 2000 per rispondere alla crescita esponenziale di bambini di strada nell\u2019area di Dagoretti, periferia di Nairobi, che ospita 17 slums che, al tempo, vedevano la presenza di circa 11.500 bambini di strada (Amref baseline survey, 2001).\u00a0<span style=\"font-size: 18px;\">Per rispondere ai bisogni di questi bambini e ragazzi, Amref ha sviluppato e implementato\u00a0l\u2019approccio di base comunitaria di tutela dei bambini delle cosiddette \u00ab4 R\u00bb, ossia Recupero, Riabilitazione, Ri-socializzazione e Reintegrazione, con l\u2019obiettivo di migliorare lo stato di salute e benessere dei bambini di Dagoretti.\u00a0<\/span><span style=\"font-size: 18px;\">Dal 2020 Amref ha inoltre sviluppato un nuovo approccio \u201cFamily-Community Centered\u201d, con l\u2019obiettivo di coinvolgere e rafforzare le famiglie, le comunit\u00e0 e le reti di protezione per l\u2019infanzia lavorando e coinvolgendo le autorit\u00e0 locali, i gruppi della societ\u00e0 civile e i membri della comunit\u00e0, includendo i bambini.\u00a0Questo approccio ha mostrato come le misure proattive prese a livello comunitario svolgano un ruolo cruciale nel garantire la sicurezza dei bambini e degli adolescenti e ha dimostrato di essere uno dei mezzi pi\u00f9 efficaci.\u00a0<\/span><span style=\"font-size: 18px;\">Visto quindi il crescente bisogno di implementare interventi sostenibili per le famiglie e i bambini di Dagoretti, il progetto si focalizzer\u00e0 su:<\/span><\/p>\n<ul>\n<li style=\"text-align: left;\">\u00a0Costruzione delle capacit\u00e0 necessarie da parte delle famiglie e delle comunit\u00e0 per rispondere alla violenza e agli abusi sui bambini;<\/li>\n<li style=\"text-align: left;\">Rafforzamento delle famiglie nelle loro abilit\u00e0 di fornire supporto psicosociale, riconciliazione e reintegrazione dei bambini in stato di bisogno e di protezione;<\/li>\n<li style=\"text-align: left;\">Promozione di attivit\u00e0 generatrici di reddito per le famiglie target;<\/li>\n<li style=\"text-align: left;\">Promozione della salute sessuale riproduttiva degli adolescenti coinvolti nel progetto.<\/li>\n<\/ul>\n<p>&nbsp;<\/p>\n<p>&nbsp;<\/p>\n<p>&nbsp;<\/p>\n<p>&nbsp;<\/p>\n<p>[\/et_pb_text][\/et_pb_column][\/et_pb_row][\/et_pb_section]<\/p>\n","protected":false},"excerpt":{"rendered":"<p>L\u2019impegno di Madal per i giovani e il diritto alla salute nel Continente Africano. &nbsp;Non aiutiamo i ragazzi perch\u00e9 sono deboli, li aiutiamo perch\u00e9 sono la forza e la speranza di un intero continente.\u00a0\u00c8 questo lo spirito con cui Madal sostiene Amref Health Africa, la pi\u00f9 grande organizzazione sanitaria no profit presente in Africa, nella [&hellip;]<\/p>\n","protected":false},"author":1,"featured_media":0,"parent":1321,"menu_order":0,"comment_status":"closed","ping_status":"closed","template":"","meta":{"_et_pb_use_builder":"on","_et_pb_old_content":"","_et_gb_content_width":""},"_links":{"self":[{"href":"https:\/\/oman.madal.it\/it\/wp-json\/wp\/v2\/pages\/1654"}],"collection":[{"href":"https:\/\/oman.madal.it\/it\/wp-json\/wp\/v2\/pages"}],"about":[{"href":"https:\/\/oman.madal.it\/it\/wp-json\/wp\/v2\/types\/page"}],"author":[{"embeddable":true,"href":"https:\/\/oman.madal.it\/it\/wp-json\/wp\/v2\/users\/1"}],"replies":[{"embeddable":true,"href":"https:\/\/oman.madal.it\/it\/wp-json\/wp\/v2\/comments?post=1654"}],"version-history":[{"count":36,"href":"https:\/\/oman.madal.it\/it\/wp-json\/wp\/v2\/pages\/1654\/revisions"}],"predecessor-version":[{"id":4179,"href":"https:\/\/oman.madal.it\/it\/wp-json\/wp\/v2\/pages\/1654\/revisions\/4179"}],"up":[{"embeddable":true,"href":"https:\/\/oman.madal.it\/it\/wp-json\/wp\/v2\/pages\/1321"}],"wp:attachment":[{"href":"https:\/\/oman.madal.it\/it\/wp-json\/wp\/v2\/media?parent=1654"}],"curies":[{"name":"wp","href":"https:\/\/api.w.org\/{rel}","templated":true}]}}